{"id":244054,"date":"2024-05-30T13:15:22","date_gmt":"2024-05-30T13:15:22","guid":{"rendered":"https:\/\/viennabustransfer.com\/dienstleistungen\/"},"modified":"2024-09-03T16:15:18","modified_gmt":"2024-09-03T16:15:18","slug":"dienstleistungen","status":"publish","type":"page","link":"https:\/\/viennabustransfer.com\/de\/dienstleistungen\/","title":{"rendered":"DIENSTLEISTUNGEN"},"content":{"rendered":"<p>[et_pb_section fb_built=&#8220;1&#8243; admin_label=&#8220;Header&#8220; _builder_version=&#8220;4.27.0&#8243; _module_preset=&#8220;default&#8220; use_background_color_gradient=&#8220;on&#8220; background_color_gradient_stops=&#8220;rgba(0,0,0,0.3) 0%|rgba(0,0,0,0.3) 100%&#8220; background_color_gradient_overlays_image=&#8220;on&#8220; background_image=&#8220;https:\/\/viennabustransfer.com\/wp-content\/uploads\/2022\/11\/bgchf-scaled.jpg&#8220; hover_enabled=&#8220;0&#8243; locked=&#8220;off&#8220; collapsed=&#8220;on&#8220; global_colors_info=&#8220;{}&#8220; title_text=&#8220;jacek-dylag-5SjAaqqCCmY-unsplash&#8220; sticky_enabled=&#8220;0&#8243; custom_padding=&#8220;0px||||false|false&#8220; width=&#8220;100%&#8220; module_alignment=&#8220;center&#8220; alt=&#8220;vienna bus rental&#8220;][et_pb_row _builder_version=&#8220;4.22.0&#8243; _module_preset=&#8220;default&#8220; global_colors_info=&#8220;{}&#8220;][et_pb_column type=&#8220;4_4&#8243; _builder_version=&#8220;4.22.0&#8243; _module_preset=&#8220;default&#8220; custom_padding=&#8220;60px||60px||true|false&#8220; custom_padding_tablet=&#8220;0px||0px||true|false&#8220; custom_padding_phone=&#8220;0px||0px||true|false&#8220; custom_padding_last_edited=&#8220;on|desktop&#8220; global_colors_info=&#8220;{}&#8220;][et_pb_text _builder_version=&#8220;4.22.0&#8243; _module_preset=&#8220;690770a0-86a8-4d4d-be81-a51c87ee3c56&#8243; header_text_color=&#8220;#FFFFFF&#8220; global_colors_info=&#8220;{}&#8220;]<\/p>\n<h1>Unsere Dienstleistungen<\/h1>\n<p>[\/et_pb_text][\/et_pb_column][\/et_pb_row][\/et_pb_section][et_pb_section fb_built=&#8220;1&#8243; admin_label=&#8220;Pricing&#8220; _builder_version=&#8220;4.22.0&#8243; _module_preset=&#8220;default&#8220; locked=&#8220;off&#8220; collapsed=&#8220;on&#8220; global_colors_info=&#8220;{}&#8220;][et_pb_row _builder_version=&#8220;4.27.0&#8243; _module_preset=&#8220;default&#8220;][et_pb_column _builder_version=&#8220;4.27.0&#8243; _module_preset=&#8220;default&#8220; type=&#8220;4_4&#8243;][et_pb_text _builder_version=&#8220;4.27.0&#8243; _module_preset=&#8220;default&#8220; hover_enabled=&#8220;0&#8243; sticky_enabled=&#8220;0&#8243;]<\/p>\n<p><!-- Main Container --><\/p>\n<div id=\"main-content\">\n<p><!-- Section: Introduction --><\/p>\n<section id=\"introduction\">\n<div class=\"container\">\n<h1>Willkommen bei Viennabustransfer<\/h1>\n<p>Erleben Sie den ultimativen Komfort und die Zuverl\u00e4ssigkeit unseres umfassenden Transportservices.<br \/>\nOb Sie Flughafentransfers, Stadttransfers, Busvermietungen, Chauffeurdienste oder Veranstaltungstransfers suchen, wir haben alles f\u00fcr Sie. <\/p>\n<p><img loading=\"lazy\" decoding=\"async\" src=\"https:\/\/viennabustransfer.com\/wp-content\/uploads\/2017\/11\/traffic-view-from-car-window-1024x684.jpg\" width=\"1024\" height=\"684\" alt=\"\" class=\"wp-image-242021 size-large\" srcset=\"https:\/\/viennabustransfer.com\/wp-content\/uploads\/2017\/11\/traffic-view-from-car-window-980x654.jpg 980w, https:\/\/viennabustransfer.com\/wp-content\/uploads\/2017\/11\/traffic-view-from-car-window-480x320.jpg 480w\" sizes=\"(min-width: 0px) and (max-width: 480px) 480px, (min-width: 481px) and (max-width: 980px) 980px, (min-width: 981px) 1024px, 100vw\" \/><\/p>\n<\/div>\n<\/section>\n<p><!-- Section: Our Services --><\/p>\n<section id=\"our-services\">\n<div class=\"container\">\n<h2>Unsere Dienstleistungen<\/h2>\n<p><!-- Airport\/City Transfer Service --><\/p>\n<div class=\"service\" id=\"airport-city-transfer\">\n<h3>Flughafen\/Stadt-Transfer-Service in Wien<\/h3>\n<p>Erleben Sie den ultimativen Komfort und Zuverl\u00e4ssigkeit mit dem Flughafen- und Stadttransfer-Service von Viennabustransfer in Wien.<br \/>\nEgal, ob Sie ankommen, abfliegen oder innerhalb der Stadt reisen m\u00fcssen, wir sorgen f\u00fcr eine nahtlose Reise zum und vom Flughafen Wien sowie in ganz Wien. <\/p>\n<p>&nbsp;<\/p>\n<\/div>\n<p><!-- Bus Rental Service --><\/p>\n<div class=\"service\" id=\"bus-rental\">\n<h3>Einen Bus von Wien mieten<\/h3>\n<p>Erleben Sie den ultimativen Komfort und die Zuverl\u00e4ssigkeit der Busvermietung in Wien.<br \/>\nGanz gleich, ob Sie innerhalb der Stadt reisen oder die wundersch\u00f6ne Umgebung Wiens und \u00d6sterreichs erkunden m\u00f6chten, wir sorgen f\u00fcr eine reibungslose Reise f\u00fcr Sie. <\/p>\n<p>&nbsp;<\/p>\n<\/div>\n<p><!-- Chauffeur Service --><\/p>\n<div class=\"service\" id=\"chauffeur-service\">\n<h3>Chauffeur Service in Wien<\/h3>\n<p>Es wird oft gesagt, dass die wichtigsten Leute hinten im Auto sitzen.<br \/>\nDas trifft auch auf Sie zu!<br \/>\nMit unserem Chauffeurservice in Wien k\u00f6nnen Sie sich auf dem R\u00fccksitz entspannen und sich von uns an Ihr Ziel fahren lassen.<br \/>\nGenie\u00dfen Sie den Luxus, sich keine Gedanken \u00fcber den Verkehr oder die beste Route machen zu m\u00fcssen &#8211; wir erledigen alles f\u00fcr Sie!   <\/p>\n<p>&nbsp;<\/p>\n<\/div>\n<p><!-- Event Transfer Service --><\/p>\n<div class=\"service\" id=\"event-transfer\">\n<h3>Veranstaltungstransfer in Wien<\/h3>\n<p>Erleben Sie den ultimativen Komfort und Zuverl\u00e4ssigkeit mit dem Event-Transfer-Service von Viennabustransfer.<br \/>\nGanz gleich, ob Sie an einer Gesch\u00e4ftskonferenz, einem Kongress, einer Gala oder einer anderen besonderen Veranstaltung in Wien oder in ganz \u00d6sterreich teilnehmen, wir sorgen f\u00fcr eine reibungslose Reise f\u00fcr Sie. <\/p>\n<p>&nbsp;<\/p>\n<\/div>\n<\/div>\n<\/section>\n<p><!-- Section: Why Choose Us --><\/p>\n<section id=\"why-choose-us\">\n<div class=\"container\">\n<h2>Warum Viennabustransfer w\u00e4hlen?<\/h2>\n<ul>\n<li>Luxuri\u00f6se Flotte: Reisen Sie stilvoll mit unserem Mercedes Vito, Mercedes Sprinter und Setra Bus, die alle f\u00fcr eine reibungslose Fahrt gewartet werden.<\/li>\n<li>Professionelle Chauffeure: Unsere h\u00f6flichen, erfahrenen Fahrer sorgen f\u00fcr einen p\u00fcnktlichen und sicheren Transfer und helfen Ihnen beim Gep\u00e4ck.<\/li>\n<li>P\u00fcnktlich und verl\u00e4sslich: Wir \u00fcberwachen die Flugpl\u00e4ne und die Verkehrslage, um die Abholzeiten anzupassen, und garantieren trotz Versp\u00e4tungen einen p\u00fcnktlichen Service.<\/li>\n<li>Einfache Buchung: Buchen Sie online oder \u00fcber unseren Kundenservice, mit klaren Preisen und ohne versteckte Geb\u00fchren.<\/li>\n<li>Ma\u00dfgeschneiderte Dienstleistungen: Von Gesch\u00e4ftsreisen bis hin zu Familienurlauben bieten wir Ihnen ma\u00dfgeschneiderte Dienstleistungen, um Ihre individuellen Bed\u00fcrfnisse zu erf\u00fcllen.<\/li>\n<\/ul>\n<\/div>\n<\/section>\n<section id=\"our-fleet\">\n<div class=\"container\">\n<h2>Unsere Flotte<\/h2>\n<ul>\n<li>Mercedes Vito: Perfekt f\u00fcr kleine Gruppen und Familien.<\/li>\n<li>Mercedes Sprinter: Ideal f\u00fcr gr\u00f6\u00dfere Gruppen.<\/li>\n<li>Setra Bus: Konzipiert f\u00fcr Gruppenreisen und Veranstaltungen.<\/li>\n<\/ul>\n<p><img loading=\"lazy\" decoding=\"async\" src=\"https:\/\/viennabustransfer.com\/wp-content\/uploads\/2017\/11\/fleet-1-removebg-preview-1024x223.png\" width=\"1024\" height=\"223\" alt=\"\" class=\"wp-image-242283 alignnone size-large\" srcset=\"https:\/\/viennabustransfer.com\/wp-content\/uploads\/2017\/11\/fleet-1-removebg-preview-1024x223.png 1024w, https:\/\/viennabustransfer.com\/wp-content\/uploads\/2017\/11\/fleet-1-removebg-preview-980x214.png 980w, https:\/\/viennabustransfer.com\/wp-content\/uploads\/2017\/11\/fleet-1-removebg-preview-480x105.png 480w\" sizes=\"(min-width: 0px) and (max-width: 480px) 480px, (min-width: 481px) and (max-width: 980px) 980px, (min-width: 981px) 1024px, 100vw\" \/><\/p>\n<\/div>\n<\/section>\n<p><!-- Section: How It Works --><\/p>\n<section id=\"how-it-works\">\n<div class=\"container\">\n<h2>Wie es funktioniert<\/h2>\n<ul>\n<li>Buchen Sie Ihren Transfer: W\u00e4hlen Sie Ihr Fahrzeug und geben Sie Ihre Reise- oder Flugdaten online an oder kontaktieren Sie uns.<\/li>\n<li>Treffen und Begr\u00fc\u00dfung: Unser Chauffeur empf\u00e4ngt Sie am vereinbarten Ort mit einem Schild, auf dem Ihr Name steht.<\/li>\n<li>Genie\u00dfen Sie die Fahrt: Entspannen Sie sich im Luxus mit kostenlosem Wi-Fi und Wasser in Flaschen.<\/li>\n<li>Kommen Sie an Ihrem Zielort an: Wir sorgen f\u00fcr eine p\u00fcnktliche und sichere Ankunft an dem von Ihnen gew\u00e4hlten Ort.<\/li>\n<\/ul>\n<\/div>\n<\/section>\n<\/div>\n<p>[\/et_pb_text][\/et_pb_column][\/et_pb_row][et_pb_row _builder_version=&#8220;4.27.0&#8243; _module_preset=&#8220;default&#8220;][et_pb_column _builder_version=&#8220;4.27.0&#8243; _module_preset=&#8220;default&#8220; type=&#8220;4_4&#8243;][et_pb_button button_text=&#8220;BUCHEN SIE IHREN TRANSFER&#8220; _builder_version=&#8220;4.27.0&#8243; _module_preset=&#8220;default&#8220; button_url=&#8220;https:\/\/viennabustransfer.com\/de\/#Dienstleistungen&#8220; custom_button=&#8220;on&#8220; button_text_color=&#8220;#FFFFFF&#8220; button_bg_color=&#8220;#5430ce&#8220; button_bg_enable_color=&#8220;on&#8220; button_alignment=&#8220;center&#8220; hover_enabled=&#8220;0&#8243; sticky_enabled=&#8220;0&#8243;][\/et_pb_button][\/et_pb_column][\/et_pb_row][\/et_pb_section]<\/p>\n","protected":false},"excerpt":{"rendered":"<p>Unsere Dienstleistungen Willkommen bei Viennabustransfer Erleben Sie den ultimativen Komfort und die Zuverl\u00e4ssigkeit unseres umfassenden Transportservices. Ob Sie Flughafentransfers, Stadttransfers, Busvermietungen, Chauffeurdienste oder Veranstaltungstransfers suchen, wir haben alles f\u00fcr Sie. Unsere Dienstleistungen Flughafen\/Stadt-Transfer-Service in Wien Erleben Sie den ultimativen Komfort und Zuverl\u00e4ssigkeit mit dem Flughafen- und Stadttransfer-Service von Viennabustransfer in Wien. Egal, ob Sie ankommen, [&hellip;]<\/p>\n","protected":false},"author":1,"featured_media":244017,"parent":0,"menu_order":0,"comment_status":"closed","ping_status":"closed","template":"","meta":{"_et_pb_use_builder":"on","_et_pb_old_content":"","_et_gb_content_width":"","_uag_custom_page_level_css":"","_joinchat":[],"footnotes":""},"class_list":["post-244054","page","type-page","status-publish","has-post-thumbnail","hentry"],"yoast_head":"<!-- This site is optimized with the Yoast SEO plugin v27.2 - https:\/\/yoast.com\/product\/yoast-seo-wordpress\/ -->\n<title>Wien Transfer Dienstleistungen | Viennabustransfer<\/title>\n<meta name=\"description\" content=\"Wien-Transferdienste mit Viennabustransfer. Wir bieten Flughafentransfers, Stadttransfers, Busvermietungen, Chauffeurdienste und Veranstaltungstransfers mit Luxusfahrzeugen und professionellen Fahrern. Buchen Sie Ihre nahtlose Reise noch heute!\" \/>\n<meta name=\"robots\" content=\"index, follow, max-snippet:-1, max-image-preview:large, max-video-preview:-1\" \/>\n<link rel=\"canonical\" href=\"https:\/\/viennabustransfer.com\/de\/dienstleistungen\/\" \/>\n<meta property=\"og:locale\" content=\"de_DE\" \/>\n<meta property=\"og:type\" content=\"article\" \/>\n<meta property=\"og:title\" content=\"Wien Transfer Dienstleistungen | Viennabustransfer\" \/>\n<meta property=\"og:description\" content=\"Wien-Transferdienste mit Viennabustransfer. Wir bieten Flughafentransfers, Stadttransfers, Busvermietungen, Chauffeurdienste und Veranstaltungstransfers mit Luxusfahrzeugen und professionellen Fahrern. Buchen Sie Ihre nahtlose Reise noch heute!\" \/>\n<meta property=\"og:url\" content=\"https:\/\/viennabustransfer.com\/de\/dienstleistungen\/\" \/>\n<meta property=\"og:site_name\" content=\"Vienna Bus Transfer\" \/>\n<meta property=\"article:modified_time\" content=\"2024-09-03T16:15:18+00:00\" \/>\n<meta property=\"og:image\" content=\"https:\/\/viennabustransfer.com\/wp-content\/uploads\/2017\/11\/traffic-view-from-car-window-1024x684.jpg\" \/>\n<meta name=\"twitter:card\" content=\"summary_large_image\" \/>\n<meta name=\"twitter:label1\" content=\"Gesch\u00e4tzte Lesezeit\" \/>\n\t<meta name=\"twitter:data1\" content=\"4\u00a0Minuten\" \/>\n<script type=\"application\/ld+json\" class=\"yoast-schema-graph\">{\"@context\":\"https:\/\/schema.org\",\"@graph\":[{\"@type\":\"WebPage\",\"@id\":\"https:\/\/viennabustransfer.com\/de\/dienstleistungen\/\",\"url\":\"https:\/\/viennabustransfer.com\/de\/dienstleistungen\/\",\"name\":\"Wien Transfer Dienstleistungen | Viennabustransfer\",\"isPartOf\":{\"@id\":\"https:\/\/viennabustransfer.com\/de\/#website\"},\"primaryImageOfPage\":{\"@id\":\"https:\/\/viennabustransfer.com\/de\/dienstleistungen\/#primaryimage\"},\"image\":{\"@id\":\"https:\/\/viennabustransfer.com\/de\/dienstleistungen\/#primaryimage\"},\"thumbnailUrl\":\"https:\/\/viennabustransfer.com\/wp-content\/uploads\/2017\/11\/traffic-view-from-car-window-scaled.jpg\",\"datePublished\":\"2024-05-30T13:15:22+00:00\",\"dateModified\":\"2024-09-03T16:15:18+00:00\",\"description\":\"Wien-Transferdienste mit Viennabustransfer. Wir bieten Flughafentransfers, Stadttransfers, Busvermietungen, Chauffeurdienste und Veranstaltungstransfers mit Luxusfahrzeugen und professionellen Fahrern. Buchen Sie Ihre nahtlose Reise noch heute!\",\"breadcrumb\":{\"@id\":\"https:\/\/viennabustransfer.com\/de\/dienstleistungen\/#breadcrumb\"},\"inLanguage\":\"de\",\"potentialAction\":[{\"@type\":\"ReadAction\",\"target\":[\"https:\/\/viennabustransfer.com\/de\/dienstleistungen\/\"]}]},{\"@type\":\"ImageObject\",\"inLanguage\":\"de\",\"@id\":\"https:\/\/viennabustransfer.com\/de\/dienstleistungen\/#primaryimage\",\"url\":\"https:\/\/viennabustransfer.com\/wp-content\/uploads\/2017\/11\/traffic-view-from-car-window-scaled.jpg\",\"contentUrl\":\"https:\/\/viennabustransfer.com\/wp-content\/uploads\/2017\/11\/traffic-view-from-car-window-scaled.jpg\",\"width\":2560,\"height\":1709,\"caption\":\"traffic view from car window at dusk.\"},{\"@type\":\"BreadcrumbList\",\"@id\":\"https:\/\/viennabustransfer.com\/de\/dienstleistungen\/#breadcrumb\",\"itemListElement\":[{\"@type\":\"ListItem\",\"position\":1,\"name\":\"Home\",\"item\":\"https:\/\/viennabustransfer.com\/de\/\"},{\"@type\":\"ListItem\",\"position\":2,\"name\":\"DIENSTLEISTUNGEN\"}]},{\"@type\":\"WebSite\",\"@id\":\"https:\/\/viennabustransfer.com\/de\/#website\",\"url\":\"https:\/\/viennabustransfer.com\/de\/\",\"name\":\"Vienna Bus Transfer\",\"description\":\"Connecting you to Vienna\",\"publisher\":{\"@id\":\"https:\/\/viennabustransfer.com\/de\/#organization\"},\"potentialAction\":[{\"@type\":\"SearchAction\",\"target\":{\"@type\":\"EntryPoint\",\"urlTemplate\":\"https:\/\/viennabustransfer.com\/de\/?s={search_term_string}\"},\"query-input\":{\"@type\":\"PropertyValueSpecification\",\"valueRequired\":true,\"valueName\":\"search_term_string\"}}],\"inLanguage\":\"de\"},{\"@type\":\"Organization\",\"@id\":\"https:\/\/viennabustransfer.com\/de\/#organization\",\"name\":\"Vienna Bus Transfer\",\"url\":\"https:\/\/viennabustransfer.com\/de\/\",\"logo\":{\"@type\":\"ImageObject\",\"inLanguage\":\"de\",\"@id\":\"https:\/\/viennabustransfer.com\/de\/#\/schema\/logo\/image\/\",\"url\":\"https:\/\/viennabustransfer.com\/wp-content\/uploads\/2024\/06\/LOGOviennabus.png\",\"contentUrl\":\"https:\/\/viennabustransfer.com\/wp-content\/uploads\/2024\/06\/LOGOviennabus.png\",\"width\":796,\"height\":215,\"caption\":\"Vienna Bus Transfer\"},\"image\":{\"@id\":\"https:\/\/viennabustransfer.com\/de\/#\/schema\/logo\/image\/\"}}]}<\/script>\n<!-- \/ Yoast SEO plugin. -->","yoast_head_json":{"title":"Wien Transfer Dienstleistungen | Viennabustransfer","description":"Wien-Transferdienste mit Viennabustransfer. Wir bieten Flughafentransfers, Stadttransfers, Busvermietungen, Chauffeurdienste und Veranstaltungstransfers mit Luxusfahrzeugen und professionellen Fahrern. Buchen Sie Ihre nahtlose Reise noch heute!","robots":{"index":"index","follow":"follow","max-snippet":"max-snippet:-1","max-image-preview":"max-image-preview:large","max-video-preview":"max-video-preview:-1"},"canonical":"https:\/\/viennabustransfer.com\/de\/dienstleistungen\/","og_locale":"de_DE","og_type":"article","og_title":"Wien Transfer Dienstleistungen | Viennabustransfer","og_description":"Wien-Transferdienste mit Viennabustransfer. Wir bieten Flughafentransfers, Stadttransfers, Busvermietungen, Chauffeurdienste und Veranstaltungstransfers mit Luxusfahrzeugen und professionellen Fahrern. Buchen Sie Ihre nahtlose Reise noch heute!","og_url":"https:\/\/viennabustransfer.com\/de\/dienstleistungen\/","og_site_name":"Vienna Bus Transfer","article_modified_time":"2024-09-03T16:15:18+00:00","og_image":[{"url":"https:\/\/viennabustransfer.com\/wp-content\/uploads\/2017\/11\/traffic-view-from-car-window-1024x684.jpg","type":"","width":"","height":""}],"twitter_card":"summary_large_image","twitter_misc":{"Gesch\u00e4tzte Lesezeit":"4\u00a0Minuten"},"schema":{"@context":"https:\/\/schema.org","@graph":[{"@type":"WebPage","@id":"https:\/\/viennabustransfer.com\/de\/dienstleistungen\/","url":"https:\/\/viennabustransfer.com\/de\/dienstleistungen\/","name":"Wien Transfer Dienstleistungen | Viennabustransfer","isPartOf":{"@id":"https:\/\/viennabustransfer.com\/de\/#website"},"primaryImageOfPage":{"@id":"https:\/\/viennabustransfer.com\/de\/dienstleistungen\/#primaryimage"},"image":{"@id":"https:\/\/viennabustransfer.com\/de\/dienstleistungen\/#primaryimage"},"thumbnailUrl":"https:\/\/viennabustransfer.com\/wp-content\/uploads\/2017\/11\/traffic-view-from-car-window-scaled.jpg","datePublished":"2024-05-30T13:15:22+00:00","dateModified":"2024-09-03T16:15:18+00:00","description":"Wien-Transferdienste mit Viennabustransfer. Wir bieten Flughafentransfers, Stadttransfers, Busvermietungen, Chauffeurdienste und Veranstaltungstransfers mit Luxusfahrzeugen und professionellen Fahrern. Buchen Sie Ihre nahtlose Reise noch heute!","breadcrumb":{"@id":"https:\/\/viennabustransfer.com\/de\/dienstleistungen\/#breadcrumb"},"inLanguage":"de","potentialAction":[{"@type":"ReadAction","target":["https:\/\/viennabustransfer.com\/de\/dienstleistungen\/"]}]},{"@type":"ImageObject","inLanguage":"de","@id":"https:\/\/viennabustransfer.com\/de\/dienstleistungen\/#primaryimage","url":"https:\/\/viennabustransfer.com\/wp-content\/uploads\/2017\/11\/traffic-view-from-car-window-scaled.jpg","contentUrl":"https:\/\/viennabustransfer.com\/wp-content\/uploads\/2017\/11\/traffic-view-from-car-window-scaled.jpg","width":2560,"height":1709,"caption":"traffic view from car window at dusk."},{"@type":"BreadcrumbList","@id":"https:\/\/viennabustransfer.com\/de\/dienstleistungen\/#breadcrumb","itemListElement":[{"@type":"ListItem","position":1,"name":"Home","item":"https:\/\/viennabustransfer.com\/de\/"},{"@type":"ListItem","position":2,"name":"DIENSTLEISTUNGEN"}]},{"@type":"WebSite","@id":"https:\/\/viennabustransfer.com\/de\/#website","url":"https:\/\/viennabustransfer.com\/de\/","name":"Vienna Bus Transfer","description":"Connecting you to Vienna","publisher":{"@id":"https:\/\/viennabustransfer.com\/de\/#organization"},"potentialAction":[{"@type":"SearchAction","target":{"@type":"EntryPoint","urlTemplate":"https:\/\/viennabustransfer.com\/de\/?s={search_term_string}"},"query-input":{"@type":"PropertyValueSpecification","valueRequired":true,"valueName":"search_term_string"}}],"inLanguage":"de"},{"@type":"Organization","@id":"https:\/\/viennabustransfer.com\/de\/#organization","name":"Vienna Bus Transfer","url":"https:\/\/viennabustransfer.com\/de\/","logo":{"@type":"ImageObject","inLanguage":"de","@id":"https:\/\/viennabustransfer.com\/de\/#\/schema\/logo\/image\/","url":"https:\/\/viennabustransfer.com\/wp-content\/uploads\/2024\/06\/LOGOviennabus.png","contentUrl":"https:\/\/viennabustransfer.com\/wp-content\/uploads\/2024\/06\/LOGOviennabus.png","width":796,"height":215,"caption":"Vienna Bus Transfer"},"image":{"@id":"https:\/\/viennabustransfer.com\/de\/#\/schema\/logo\/image\/"}}]}},"uagb_featured_image_src":{"full":["https:\/\/viennabustransfer.com\/wp-content\/uploads\/2017\/11\/traffic-view-from-car-window-scaled.jpg",2560,1709,false],"thumbnail":["https:\/\/viennabustransfer.com\/wp-content\/uploads\/2017\/11\/traffic-view-from-car-window-150x150.jpg",150,150,true],"medium":["https:\/\/viennabustransfer.com\/wp-content\/uploads\/2017\/11\/traffic-view-from-car-window-300x200.jpg",300,200,true],"medium_large":["https:\/\/viennabustransfer.com\/wp-content\/uploads\/2017\/11\/traffic-view-from-car-window-768x513.jpg",768,513,true],"large":["https:\/\/viennabustransfer.com\/wp-content\/uploads\/2017\/11\/traffic-view-from-car-window-1024x684.jpg",1024,684,true],"1536x1536":["https:\/\/viennabustransfer.com\/wp-content\/uploads\/2017\/11\/traffic-view-from-car-window-1536x1025.jpg",1536,1025,true],"2048x2048":["https:\/\/viennabustransfer.com\/wp-content\/uploads\/2017\/11\/traffic-view-from-car-window-2048x1367.jpg",2048,1367,true],"et-pb-post-main-image":["https:\/\/viennabustransfer.com\/wp-content\/uploads\/2017\/11\/traffic-view-from-car-window-400x250.jpg",400,250,true],"et-pb-post-main-image-fullwidth":["https:\/\/viennabustransfer.com\/wp-content\/uploads\/2017\/11\/traffic-view-from-car-window-1080x675.jpg",1080,675,true],"et-pb-portfolio-image":["https:\/\/viennabustransfer.com\/wp-content\/uploads\/2017\/11\/traffic-view-from-car-window-400x284.jpg",400,284,true],"et-pb-portfolio-module-image":["https:\/\/viennabustransfer.com\/wp-content\/uploads\/2017\/11\/traffic-view-from-car-window-510x382.jpg",510,382,true],"et-pb-portfolio-image-single":["https:\/\/viennabustransfer.com\/wp-content\/uploads\/2017\/11\/traffic-view-from-car-window-1080x721.jpg",1080,721,true],"et-pb-gallery-module-image-portrait":["https:\/\/viennabustransfer.com\/wp-content\/uploads\/2017\/11\/traffic-view-from-car-window-400x516.jpg",400,516,true],"et-pb-post-main-image-fullwidth-large":["https:\/\/viennabustransfer.com\/wp-content\/uploads\/2017\/11\/traffic-view-from-car-window-2880x1800.jpg",2880,1800,true],"et-pb-image--responsive--desktop":["https:\/\/viennabustransfer.com\/wp-content\/uploads\/2017\/11\/traffic-view-from-car-window-1280x855.jpg",1078,720,true],"et-pb-image--responsive--tablet":["https:\/\/viennabustransfer.com\/wp-content\/uploads\/2017\/11\/traffic-view-from-car-window-980x654.jpg",826,551,true],"et-pb-image--responsive--phone":["https:\/\/viennabustransfer.com\/wp-content\/uploads\/2017\/11\/traffic-view-from-car-window-480x320.jpg",405,270,true],"chbs_vehicle":["https:\/\/viennabustransfer.com\/wp-content\/uploads\/2017\/11\/traffic-view-from-car-window-458x306.jpg",458,306,true],"chbs_vehicle_2":["https:\/\/viennabustransfer.com\/wp-content\/uploads\/2017\/11\/traffic-view-from-car-window-798x533.jpg",798,533,true],"mailpoet_newsletter_max":["https:\/\/viennabustransfer.com\/wp-content\/uploads\/2017\/11\/traffic-view-from-car-window-1320x881.jpg",1320,881,true],"woocommerce_thumbnail":["https:\/\/viennabustransfer.com\/wp-content\/uploads\/2017\/11\/traffic-view-from-car-window-300x300.jpg",300,300,true],"woocommerce_single":["https:\/\/viennabustransfer.com\/wp-content\/uploads\/2017\/11\/traffic-view-from-car-window-600x401.jpg",600,401,true],"woocommerce_gallery_thumbnail":["https:\/\/viennabustransfer.com\/wp-content\/uploads\/2017\/11\/traffic-view-from-car-window-100x100.jpg",100,100,true]},"uagb_author_info":{"display_name":"viennabustransfer.com","author_link":"https:\/\/viennabustransfer.com\/de\/author\/viennabustransfer-com\/"},"uagb_comment_info":0,"uagb_excerpt":"Unsere Dienstleistungen Willkommen bei Viennabustransfer Erleben Sie den ultimativen Komfort und die Zuverl\u00e4ssigkeit unseres umfassenden Transportservices. Ob Sie Flughafentransfers, Stadttransfers, Busvermietungen, Chauffeurdienste oder Veranstaltungstransfers suchen, wir haben alles f\u00fcr Sie. Unsere Dienstleistungen Flughafen\/Stadt-Transfer-Service in Wien Erleben Sie den ultimativen Komfort und Zuverl\u00e4ssigkeit mit dem Flughafen- und Stadttransfer-Service von Viennabustransfer in Wien. Egal, ob Sie ankommen,&hellip;","jetpack_sharing_enabled":true,"_links":{"self":[{"href":"https:\/\/viennabustransfer.com\/de\/wp-json\/wp\/v2\/pages\/244054","targetHints":{"allow":["GET"]}}],"collection":[{"href":"https:\/\/viennabustransfer.com\/de\/wp-json\/wp\/v2\/pages"}],"about":[{"href":"https:\/\/viennabustransfer.com\/de\/wp-json\/wp\/v2\/types\/page"}],"author":[{"embeddable":true,"href":"https:\/\/viennabustransfer.com\/de\/wp-json\/wp\/v2\/users\/1"}],"replies":[{"embeddable":true,"href":"https:\/\/viennabustransfer.com\/de\/wp-json\/wp\/v2\/comments?post=244054"}],"version-history":[{"count":6,"href":"https:\/\/viennabustransfer.com\/de\/wp-json\/wp\/v2\/pages\/244054\/revisions"}],"predecessor-version":[{"id":244359,"href":"https:\/\/viennabustransfer.com\/de\/wp-json\/wp\/v2\/pages\/244054\/revisions\/244359"}],"wp:featuredmedia":[{"embeddable":true,"href":"https:\/\/viennabustransfer.com\/de\/wp-json\/wp\/v2\/media\/244017"}],"wp:attachment":[{"href":"https:\/\/viennabustransfer.com\/de\/wp-json\/wp\/v2\/media?parent=244054"}],"curies":[{"name":"wp","href":"https:\/\/api.w.org\/{rel}","templated":true}]}}