{"id":244055,"date":"2024-05-20T12:22:21","date_gmt":"2024-05-20T12:22:21","guid":{"rendered":"https:\/\/viennabustransfer.com\/kontakt\/"},"modified":"2024-08-28T10:32:19","modified_gmt":"2024-08-28T10:32:19","slug":"kontakt","status":"publish","type":"page","link":"https:\/\/viennabustransfer.com\/de\/kontakt\/","title":{"rendered":"KONTAKT"},"content":{"rendered":"<p>[et_pb_section fb_built=&#8220;1&#8243; admin_label=&#8220;Header&#8220; _builder_version=&#8220;4.25.2&#8243; _module_preset=&#8220;default&#8220; use_background_color_gradient=&#8220;on&#8220; background_color_gradient_stops=&#8220;rgba(0,0,0,0.3) 0%|rgba(0,0,0,0.3) 100%&#8220; background_color_gradient_overlays_image=&#8220;on&#8220; background_image=&#8220;https:\/\/viennabustransfer.com\/wp-content\/uploads\/2017\/11\/arno-senoner-V1As2c_gqks-unsplash-scaled.jpg&#8220; locked=&#8220;off&#8220; collapsed=&#8220;on&#8220; global_colors_info=&#8220;{}&#8220;][et_pb_row _builder_version=&#8220;4.22.0&#8243; _module_preset=&#8220;default&#8220; global_colors_info=&#8220;{}&#8220;][et_pb_column type=&#8220;4_4&#8243; _builder_version=&#8220;4.22.0&#8243; _module_preset=&#8220;default&#8220; custom_padding=&#8220;60px||60px||true|false&#8220; custom_padding_tablet=&#8220;0px||0px||true|false&#8220; custom_padding_phone=&#8220;0px||0px||true|false&#8220; custom_padding_last_edited=&#8220;on|desktop&#8220; global_colors_info=&#8220;{}&#8220;][et_pb_text _builder_version=&#8220;4.22.0&#8243; _module_preset=&#8220;61d6bdc4-17d2-4573-80cd-406bbd38b099&#8243; header_text_color=&#8220;#FFFFFF&#8220; global_colors_info=&#8220;{}&#8220;]<\/p>\n<h1>Kontaktieren Sie uns<\/h1>\n<p>[\/et_pb_text][\/et_pb_column][\/et_pb_row][\/et_pb_section][et_pb_section fb_built=&#8220;1&#8243; admin_label=&#8220;Contact Form &#038; Info&#8220; _builder_version=&#8220;4.22.0&#8243; _module_preset=&#8220;default&#8220; collapsed=&#8220;on&#8220; global_colors_info=&#8220;{}&#8220;][et_pb_row column_structure=&#8220;3_5,2_5&#8243; _builder_version=&#8220;4.25.2&#8243; _module_preset=&#8220;default&#8220; custom_margin=&#8220;0px||||false|false&#8220; custom_padding=&#8220;10px|10px|10px|10px|true|true&#8220; border_radii=&#8220;on|8px|8px|8px|8px&#8220; border_width_all=&#8220;2px&#8220; border_color_all=&#8220;#b7b7b7&#8243; border_style_all=&#8220;dashed&#8220; global_colors_info=&#8220;{}&#8220;][et_pb_column type=&#8220;3_5&#8243; _builder_version=&#8220;4.22.0&#8243; _module_preset=&#8220;default&#8220; global_colors_info=&#8220;{}&#8220;][et_pb_contact_form use_spam_service=&#8220;on&#8220; email=&#8220;booking@viennabustransfer.com&#8220; _builder_version=&#8220;4.27.0&#8243; _module_preset=&#8220;9db8d410-4ba0-4231-9f72-139fb03c5b40&#8243; button_text_color=&#8220;#FFFFFF&#8220; button_bg_color=&#8220;#8300E9&#8243; button_border_color=&#8220;#000000&#8243; hover_enabled=&#8220;0&#8243; locked=&#8220;off&#8220; global_colors_info=&#8220;{}&#8220; recaptcha_min_score=&#8220;0.1&#8243; recaptcha_list=&#8220;Default|Default-0&#8243; success_message=&#8220;Vielen Dank \ud83c\udf89!<br \/>\nWir werden Sie so schnell wie m\u00f6glich kontaktieren &#8220; submit_button_text=&#8220;Senden&#8220; sticky_enabled=&#8220;0&#8243;][et_pb_contact_field field_id=&#8220;Name&#8220; field_title=&#8220;Name&#8220; fullwidth_field=&#8220;on&#8220; _builder_version=&#8220;4.16&#8243; _module_preset=&#8220;default&#8220; global_colors_info=&#8220;{}&#8220; button_text_size__hover_enabled=&#8220;off&#8220; button_one_text_size__hover_enabled=&#8220;off&#8220; button_two_text_size__hover_enabled=&#8220;off&#8220; button_text_color__hover_enabled=&#8220;off&#8220; button_one_text_color__hover_enabled=&#8220;off&#8220; button_two_text_color__hover_enabled=&#8220;off&#8220; button_border_width__hover_enabled=&#8220;off&#8220; button_one_border_width__hover_enabled=&#8220;off&#8220; button_two_border_width__hover_enabled=&#8220;off&#8220; button_border_color__hover_enabled=&#8220;off&#8220; button_one_border_color__hover_enabled=&#8220;off&#8220; button_two_border_color__hover_enabled=&#8220;off&#8220; button_border_radius__hover_enabled=&#8220;off&#8220; button_one_border_radius__hover_enabled=&#8220;off&#8220; button_two_border_radius__hover_enabled=&#8220;off&#8220; button_letter_spacing__hover_enabled=&#8220;off&#8220; button_one_letter_spacing__hover_enabled=&#8220;off&#8220; button_two_letter_spacing__hover_enabled=&#8220;off&#8220; button_bg_color__hover_enabled=&#8220;off&#8220; button_one_bg_color__hover_enabled=&#8220;off&#8220; button_two_bg_color__hover_enabled=&#8220;off&#8220;][\/et_pb_contact_field][et_pb_contact_field fullwidth_field=&#8220;on&#8220; _builder_version=&#8220;4.27.0&#8243; _module_preset=&#8220;default&#8220; field_id=&#8220;SUB&#8220; field_title=&#8220;Thema&#8220; hover_enabled=&#8220;0&#8243; sticky_enabled=&#8220;0&#8243; field_type=&#8220;select&#8220; select_options=&#8220;%91{%22value%22:%22Allgemein%22,%22checked%22:0,%22dragID%22:-1},{%22value%22:%22Buchen%22,%22checked%22:0,%22dragID%22:0},{%22value%22:%22Touren%22,%22checked%22:0,%22dragID%22:1}%93&#8243;][\/et_pb_contact_field][et_pb_contact_field field_id=&#8220;Email&#8220; field_title=&#8220;E-Mail Adresse&#8220; field_type=&#8220;email&#8220; fullwidth_field=&#8220;on&#8220; _builder_version=&#8220;4.16&#8243; _module_preset=&#8220;default&#8220; global_colors_info=&#8220;{}&#8220; button_text_size__hover_enabled=&#8220;off&#8220; button_one_text_size__hover_enabled=&#8220;off&#8220; button_two_text_size__hover_enabled=&#8220;off&#8220; button_text_color__hover_enabled=&#8220;off&#8220; button_one_text_color__hover_enabled=&#8220;off&#8220; button_two_text_color__hover_enabled=&#8220;off&#8220; button_border_width__hover_enabled=&#8220;off&#8220; button_one_border_width__hover_enabled=&#8220;off&#8220; button_two_border_width__hover_enabled=&#8220;off&#8220; button_border_color__hover_enabled=&#8220;off&#8220; button_one_border_color__hover_enabled=&#8220;off&#8220; button_two_border_color__hover_enabled=&#8220;off&#8220; button_border_radius__hover_enabled=&#8220;off&#8220; button_one_border_radius__hover_enabled=&#8220;off&#8220; button_two_border_radius__hover_enabled=&#8220;off&#8220; button_letter_spacing__hover_enabled=&#8220;off&#8220; button_one_letter_spacing__hover_enabled=&#8220;off&#8220; button_two_letter_spacing__hover_enabled=&#8220;off&#8220; button_bg_color__hover_enabled=&#8220;off&#8220; button_one_bg_color__hover_enabled=&#8220;off&#8220; button_two_bg_color__hover_enabled=&#8220;off&#8220;][\/et_pb_contact_field][et_pb_contact_field field_id=&#8220;Message&#8220; field_title=&#8220;Nachricht&#8220; field_type=&#8220;text&#8220; fullwidth_field=&#8220;on&#8220; _builder_version=&#8220;4.16&#8243; _module_preset=&#8220;default&#8220; global_colors_info=&#8220;{}&#8220; button_text_size__hover_enabled=&#8220;off&#8220; button_one_text_size__hover_enabled=&#8220;off&#8220; button_two_text_size__hover_enabled=&#8220;off&#8220; button_text_color__hover_enabled=&#8220;off&#8220; button_one_text_color__hover_enabled=&#8220;off&#8220; button_two_text_color__hover_enabled=&#8220;off&#8220; button_border_width__hover_enabled=&#8220;off&#8220; button_one_border_width__hover_enabled=&#8220;off&#8220; button_two_border_width__hover_enabled=&#8220;off&#8220; button_border_color__hover_enabled=&#8220;off&#8220; button_one_border_color__hover_enabled=&#8220;off&#8220; button_two_border_color__hover_enabled=&#8220;off&#8220; button_border_radius__hover_enabled=&#8220;off&#8220; button_one_border_radius__hover_enabled=&#8220;off&#8220; button_two_border_radius__hover_enabled=&#8220;off&#8220; button_letter_spacing__hover_enabled=&#8220;off&#8220; button_one_letter_spacing__hover_enabled=&#8220;off&#8220; button_two_letter_spacing__hover_enabled=&#8220;off&#8220; button_bg_color__hover_enabled=&#8220;off&#8220; button_one_bg_color__hover_enabled=&#8220;off&#8220; button_two_bg_color__hover_enabled=&#8220;off&#8220;][\/et_pb_contact_field][\/et_pb_contact_form][\/et_pb_column][et_pb_column type=&#8220;2_5&#8243; _builder_version=&#8220;4.22.0&#8243; _module_preset=&#8220;default&#8220; global_colors_info=&#8220;{}&#8220;][et_pb_text _builder_version=&#8220;4.25.2&#8243; _module_preset=&#8220;6746ff20-b954-4395-ba59-c77308c26703&#8243; global_colors_info=&#8220;{}&#8220;]<\/p>\n<h3>+43 676 437 38 16<\/h3>\n<p>[\/et_pb_text][et_pb_text _builder_version=&#8220;4.25.2&#8243; _module_preset=&#8220;1ae2af0f-4520-4945-9e84-32966bbb7bcf&#8220; global_colors_info=&#8220;{}&#8220;]<\/p>\n<h5><a href=\"mailto:booking@viennabustransfer.com\"><a href=\"mailto:booking@viennabustransfer.com\">booking@viennabustransfer.com<\/a><\/a><\/h5>\n<p>[\/et_pb_text][et_pb_text _builder_version=&#8220;4.25.2&#8243; _module_preset=&#8220;default&#8220; width=&#8220;100%&#8220; min_height=&#8220;110.6px&#8220; custom_padding=&#8220;|13px||||&#8220; global_colors_info=&#8220;{}&#8220;]<\/p>\n<p style=\"text-align: justify;\">kontaktieren Sie Wien Bustransfer f\u00fcr Buchungen oder spezielle Anfragen, kontaktieren Sie uns noch heute.<br \/>\nWir sind f\u00fcr Sie da, damit Ihre Reise ein au\u00dfergew\u00f6hnliches Erlebnis wird.<br \/>\nWenden Sie sich an uns f\u00fcr einen zuverl\u00e4ssigen Transport in \u00d6sterreich.  <\/p>\n<p>[\/et_pb_text][\/et_pb_column][\/et_pb_row][\/et_pb_section][et_pb_section fb_built=&#8220;1&#8243; admin_label=&#8220;Subscribe&#8220; _builder_version=&#8220;4.25.2&#8243; _module_preset=&#8220;default&#8220; background_color=&#8220;#f7f7f7&#8243; saved_tabs=&#8220;all&#8220; collapsed=&#8220;on&#8220; global_colors_info=&#8220;{}&#8220;][et_pb_row _builder_version=&#8220;4.22.0&#8243; _module_preset=&#8220;default&#8220; max_width=&#8220;1260px&#8220; global_colors_info=&#8220;{}&#8220;][et_pb_column type=&#8220;4_4&#8243; _builder_version=&#8220;4.22.0&#8243; _module_preset=&#8220;default&#8220; global_colors_info=&#8220;{}&#8220;][et_pb_map address=&#8220;Vienna, Austria&#8220; address_lat=&#8220;48.2080696&#8243; address_lng=&#8220;16.3713095&#8243; _builder_version=&#8220;4.25.2&#8243; _module_preset=&#8220;default&#8220; global_colors_info=&#8220;{}&#8220;][\/et_pb_map][\/et_pb_column][\/et_pb_row][et_pb_row _builder_version=&#8220;4.22.0&#8243; _module_preset=&#8220;default&#8220; max_width=&#8220;700px&#8220; global_colors_info=&#8220;{}&#8220;][et_pb_column type=&#8220;4_4&#8243; _builder_version=&#8220;4.22.0&#8243; _module_preset=&#8220;default&#8220; global_colors_info=&#8220;{}&#8220;][et_pb_text _builder_version=&#8220;4.22.0&#8243; _module_preset=&#8220;df903b22-834b-4b77-9c3b-d8c1167cde70&#8243; text_orientation=&#8220;center&#8220; custom_margin=&#8220;||10px||false|false&#8220; global_colors_info=&#8220;{}&#8220;]<\/p>\n<h2>Newsletter<\/h2>\n<p>[\/et_pb_text][et_pb_text _builder_version=&#8220;4.25.2&#8243; _module_preset=&#8220;b2b65b67-cc17-4dae-92f0-bcb8c9c072e1&#8243; text_orientation=&#8220;center&#8220; global_colors_info=&#8220;{}&#8220;]<\/p>\n<p style=\"text-align: justify;\">Abonnieren Sie unsere Luxus-Transportdienste in Wien \u00d6sterreich.<br \/>\nErhalten Sie exklusive Angebote, Reisetipps und die neuesten Nachrichten.<br \/>\nRegistrieren Sie sich jetzt!  <\/p>\n<p>[\/et_pb_text][et_pb_signup mailchimp_list=&#8220;undefined|elegantthemestest|1ea2bbd026&#8243; first_name_field=&#8220;off&#8220; last_name_field=&#8220;off&#8220; _builder_version=&#8220;4.25.2&#8243; _module_preset=&#8220;99538a04-1d81-4b15-8c1c-20b1e53ff981&#8243; button_text_color=&#8220;#FFFFFF&#8220; button_bg_color=&#8220;#8300E9&#8243; locked=&#8220;off&#8220; global_colors_info=&#8220;{}&#8220;][\/et_pb_signup][\/et_pb_column][\/et_pb_row][\/et_pb_section]<\/p>\n","protected":false},"excerpt":{"rendered":"<p>Kontaktieren Sie uns+43 676 437 38 16booking@viennabustransfer.comkontaktieren Sie Wien Bustransfer f\u00fcr Buchungen oder spezielle Anfragen, kontaktieren Sie uns noch heute. Wir sind f\u00fcr Sie da, damit Ihre Reise ein au\u00dfergew\u00f6hnliches Erlebnis wird. Wenden Sie sich an uns f\u00fcr einen zuverl\u00e4ssigen Transport in \u00d6sterreich. NewsletterAbonnieren Sie unsere Luxus-Transportdienste in Wien \u00d6sterreich. Erhalten Sie exklusive Angebote, Reisetipps [&hellip;]<\/p>\n","protected":false},"author":1,"featured_media":243766,"parent":0,"menu_order":0,"comment_status":"closed","ping_status":"closed","template":"","meta":{"_et_pb_use_builder":"on","_et_pb_old_content":"","_et_gb_content_width":"","_uag_custom_page_level_css":"","_joinchat":[],"footnotes":""},"class_list":["post-244055","page","type-page","status-publish","has-post-thumbnail","hentry"],"yoast_head":"<!-- This site is optimized with the Yoast SEO plugin v27.2 - https:\/\/yoast.com\/product\/yoast-seo-wordpress\/ -->\n<title>Kontakt zu Vienna Bus Transfer | Kontaktieren Sie uns<\/title>\n<meta name=\"description\" content=\"Kontaktieren Sie Vienna Bus Transfer f\u00fcr Buchungen, Anfragen und Sonderw\u00fcnsche. Unser Team ist bereit, Ihnen bei Ihren Transportw\u00fcnschen zu helfen.\" \/>\n<meta name=\"robots\" content=\"index, follow, max-snippet:-1, max-image-preview:large, max-video-preview:-1\" \/>\n<link rel=\"canonical\" href=\"https:\/\/viennabustransfer.com\/de\/kontakt\/\" \/>\n<meta property=\"og:locale\" content=\"de_DE\" \/>\n<meta property=\"og:type\" content=\"article\" \/>\n<meta property=\"og:title\" content=\"Kontakt zu Vienna Bus Transfer | Kontaktieren Sie uns\" \/>\n<meta property=\"og:description\" content=\"Kontaktieren Sie Vienna Bus Transfer f\u00fcr Buchungen, Anfragen und Sonderw\u00fcnsche. Unser Team ist bereit, Ihnen bei Ihren Transportw\u00fcnschen zu helfen.\" \/>\n<meta property=\"og:url\" content=\"https:\/\/viennabustransfer.com\/de\/kontakt\/\" \/>\n<meta property=\"og:site_name\" content=\"Vienna Bus Transfer\" \/>\n<meta property=\"article:modified_time\" content=\"2024-08-28T10:32:19+00:00\" \/>\n<meta name=\"twitter:card\" content=\"summary_large_image\" \/>\n<meta name=\"twitter:label1\" content=\"Gesch\u00e4tzte Lesezeit\" \/>\n\t<meta name=\"twitter:data1\" content=\"6\u00a0Minuten\" \/>\n<script type=\"application\/ld+json\" class=\"yoast-schema-graph\">{\"@context\":\"https:\/\/schema.org\",\"@graph\":[{\"@type\":\"WebPage\",\"@id\":\"https:\/\/viennabustransfer.com\/de\/kontakt\/\",\"url\":\"https:\/\/viennabustransfer.com\/de\/kontakt\/\",\"name\":\"Kontakt zu Vienna Bus Transfer | Kontaktieren Sie uns\",\"isPartOf\":{\"@id\":\"https:\/\/viennabustransfer.com\/de\/#website\"},\"primaryImageOfPage\":{\"@id\":\"https:\/\/viennabustransfer.com\/de\/kontakt\/#primaryimage\"},\"image\":{\"@id\":\"https:\/\/viennabustransfer.com\/de\/kontakt\/#primaryimage\"},\"thumbnailUrl\":\"https:\/\/viennabustransfer.com\/wp-content\/uploads\/2017\/11\/bg.mob_.png\",\"datePublished\":\"2024-05-20T12:22:21+00:00\",\"dateModified\":\"2024-08-28T10:32:19+00:00\",\"description\":\"Kontaktieren Sie Vienna Bus Transfer f\u00fcr Buchungen, Anfragen und Sonderw\u00fcnsche. Unser Team ist bereit, Ihnen bei Ihren Transportw\u00fcnschen zu helfen.\",\"breadcrumb\":{\"@id\":\"https:\/\/viennabustransfer.com\/de\/kontakt\/#breadcrumb\"},\"inLanguage\":\"de\",\"potentialAction\":[{\"@type\":\"ReadAction\",\"target\":[\"https:\/\/viennabustransfer.com\/de\/kontakt\/\"]}]},{\"@type\":\"ImageObject\",\"inLanguage\":\"de\",\"@id\":\"https:\/\/viennabustransfer.com\/de\/kontakt\/#primaryimage\",\"url\":\"https:\/\/viennabustransfer.com\/wp-content\/uploads\/2017\/11\/bg.mob_.png\",\"contentUrl\":\"https:\/\/viennabustransfer.com\/wp-content\/uploads\/2017\/11\/bg.mob_.png\",\"width\":5820,\"height\":3593},{\"@type\":\"BreadcrumbList\",\"@id\":\"https:\/\/viennabustransfer.com\/de\/kontakt\/#breadcrumb\",\"itemListElement\":[{\"@type\":\"ListItem\",\"position\":1,\"name\":\"Home\",\"item\":\"https:\/\/viennabustransfer.com\/de\/\"},{\"@type\":\"ListItem\",\"position\":2,\"name\":\"KONTAKT\"}]},{\"@type\":\"WebSite\",\"@id\":\"https:\/\/viennabustransfer.com\/de\/#website\",\"url\":\"https:\/\/viennabustransfer.com\/de\/\",\"name\":\"Vienna Bus Transfer\",\"description\":\"Connecting you to Vienna\",\"publisher\":{\"@id\":\"https:\/\/viennabustransfer.com\/de\/#organization\"},\"potentialAction\":[{\"@type\":\"SearchAction\",\"target\":{\"@type\":\"EntryPoint\",\"urlTemplate\":\"https:\/\/viennabustransfer.com\/de\/?s={search_term_string}\"},\"query-input\":{\"@type\":\"PropertyValueSpecification\",\"valueRequired\":true,\"valueName\":\"search_term_string\"}}],\"inLanguage\":\"de\"},{\"@type\":\"Organization\",\"@id\":\"https:\/\/viennabustransfer.com\/de\/#organization\",\"name\":\"Vienna Bus Transfer\",\"url\":\"https:\/\/viennabustransfer.com\/de\/\",\"logo\":{\"@type\":\"ImageObject\",\"inLanguage\":\"de\",\"@id\":\"https:\/\/viennabustransfer.com\/de\/#\/schema\/logo\/image\/\",\"url\":\"https:\/\/viennabustransfer.com\/wp-content\/uploads\/2024\/06\/LOGOviennabus.png\",\"contentUrl\":\"https:\/\/viennabustransfer.com\/wp-content\/uploads\/2024\/06\/LOGOviennabus.png\",\"width\":796,\"height\":215,\"caption\":\"Vienna Bus Transfer\"},\"image\":{\"@id\":\"https:\/\/viennabustransfer.com\/de\/#\/schema\/logo\/image\/\"}}]}<\/script>\n<!-- \/ Yoast SEO plugin. -->","yoast_head_json":{"title":"Kontakt zu Vienna Bus Transfer | Kontaktieren Sie uns","description":"Kontaktieren Sie Vienna Bus Transfer f\u00fcr Buchungen, Anfragen und Sonderw\u00fcnsche. Unser Team ist bereit, Ihnen bei Ihren Transportw\u00fcnschen zu helfen.","robots":{"index":"index","follow":"follow","max-snippet":"max-snippet:-1","max-image-preview":"max-image-preview:large","max-video-preview":"max-video-preview:-1"},"canonical":"https:\/\/viennabustransfer.com\/de\/kontakt\/","og_locale":"de_DE","og_type":"article","og_title":"Kontakt zu Vienna Bus Transfer | Kontaktieren Sie uns","og_description":"Kontaktieren Sie Vienna Bus Transfer f\u00fcr Buchungen, Anfragen und Sonderw\u00fcnsche. Unser Team ist bereit, Ihnen bei Ihren Transportw\u00fcnschen zu helfen.","og_url":"https:\/\/viennabustransfer.com\/de\/kontakt\/","og_site_name":"Vienna Bus Transfer","article_modified_time":"2024-08-28T10:32:19+00:00","twitter_card":"summary_large_image","twitter_misc":{"Gesch\u00e4tzte Lesezeit":"6\u00a0Minuten"},"schema":{"@context":"https:\/\/schema.org","@graph":[{"@type":"WebPage","@id":"https:\/\/viennabustransfer.com\/de\/kontakt\/","url":"https:\/\/viennabustransfer.com\/de\/kontakt\/","name":"Kontakt zu Vienna Bus Transfer | Kontaktieren Sie uns","isPartOf":{"@id":"https:\/\/viennabustransfer.com\/de\/#website"},"primaryImageOfPage":{"@id":"https:\/\/viennabustransfer.com\/de\/kontakt\/#primaryimage"},"image":{"@id":"https:\/\/viennabustransfer.com\/de\/kontakt\/#primaryimage"},"thumbnailUrl":"https:\/\/viennabustransfer.com\/wp-content\/uploads\/2017\/11\/bg.mob_.png","datePublished":"2024-05-20T12:22:21+00:00","dateModified":"2024-08-28T10:32:19+00:00","description":"Kontaktieren Sie Vienna Bus Transfer f\u00fcr Buchungen, Anfragen und Sonderw\u00fcnsche. Unser Team ist bereit, Ihnen bei Ihren Transportw\u00fcnschen zu helfen.","breadcrumb":{"@id":"https:\/\/viennabustransfer.com\/de\/kontakt\/#breadcrumb"},"inLanguage":"de","potentialAction":[{"@type":"ReadAction","target":["https:\/\/viennabustransfer.com\/de\/kontakt\/"]}]},{"@type":"ImageObject","inLanguage":"de","@id":"https:\/\/viennabustransfer.com\/de\/kontakt\/#primaryimage","url":"https:\/\/viennabustransfer.com\/wp-content\/uploads\/2017\/11\/bg.mob_.png","contentUrl":"https:\/\/viennabustransfer.com\/wp-content\/uploads\/2017\/11\/bg.mob_.png","width":5820,"height":3593},{"@type":"BreadcrumbList","@id":"https:\/\/viennabustransfer.com\/de\/kontakt\/#breadcrumb","itemListElement":[{"@type":"ListItem","position":1,"name":"Home","item":"https:\/\/viennabustransfer.com\/de\/"},{"@type":"ListItem","position":2,"name":"KONTAKT"}]},{"@type":"WebSite","@id":"https:\/\/viennabustransfer.com\/de\/#website","url":"https:\/\/viennabustransfer.com\/de\/","name":"Vienna Bus Transfer","description":"Connecting you to Vienna","publisher":{"@id":"https:\/\/viennabustransfer.com\/de\/#organization"},"potentialAction":[{"@type":"SearchAction","target":{"@type":"EntryPoint","urlTemplate":"https:\/\/viennabustransfer.com\/de\/?s={search_term_string}"},"query-input":{"@type":"PropertyValueSpecification","valueRequired":true,"valueName":"search_term_string"}}],"inLanguage":"de"},{"@type":"Organization","@id":"https:\/\/viennabustransfer.com\/de\/#organization","name":"Vienna Bus Transfer","url":"https:\/\/viennabustransfer.com\/de\/","logo":{"@type":"ImageObject","inLanguage":"de","@id":"https:\/\/viennabustransfer.com\/de\/#\/schema\/logo\/image\/","url":"https:\/\/viennabustransfer.com\/wp-content\/uploads\/2024\/06\/LOGOviennabus.png","contentUrl":"https:\/\/viennabustransfer.com\/wp-content\/uploads\/2024\/06\/LOGOviennabus.png","width":796,"height":215,"caption":"Vienna Bus Transfer"},"image":{"@id":"https:\/\/viennabustransfer.com\/de\/#\/schema\/logo\/image\/"}}]}},"uagb_featured_image_src":{"full":["https:\/\/viennabustransfer.com\/wp-content\/uploads\/2017\/11\/bg.mob_.png",5820,3593,false],"thumbnail":["https:\/\/viennabustransfer.com\/wp-content\/uploads\/2017\/11\/bg.mob_-150x150.png",150,150,true],"medium":["https:\/\/viennabustransfer.com\/wp-content\/uploads\/2017\/11\/bg.mob_-300x185.png",300,185,true],"medium_large":["https:\/\/viennabustransfer.com\/wp-content\/uploads\/2017\/11\/bg.mob_-768x474.png",768,474,true],"large":["https:\/\/viennabustransfer.com\/wp-content\/uploads\/2017\/11\/bg.mob_-1024x632.png",1024,632,true],"1536x1536":["https:\/\/viennabustransfer.com\/wp-content\/uploads\/2017\/11\/bg.mob_-1536x948.png",1536,948,true],"2048x2048":["https:\/\/viennabustransfer.com\/wp-content\/uploads\/2017\/11\/bg.mob_-2048x1264.png",2048,1264,true],"et-pb-post-main-image":["https:\/\/viennabustransfer.com\/wp-content\/uploads\/2017\/11\/bg.mob_-400x250.png",400,250,true],"et-pb-post-main-image-fullwidth":["https:\/\/viennabustransfer.com\/wp-content\/uploads\/2017\/11\/bg.mob_-1080x675.png",1080,675,true],"et-pb-portfolio-image":["https:\/\/viennabustransfer.com\/wp-content\/uploads\/2017\/11\/bg.mob_-400x284.png",400,284,true],"et-pb-portfolio-module-image":["https:\/\/viennabustransfer.com\/wp-content\/uploads\/2017\/11\/bg.mob_-510x382.png",510,382,true],"et-pb-portfolio-image-single":["https:\/\/viennabustransfer.com\/wp-content\/uploads\/2017\/11\/bg.mob_-1080x667.png",1080,667,true],"et-pb-gallery-module-image-portrait":["https:\/\/viennabustransfer.com\/wp-content\/uploads\/2017\/11\/bg.mob_-400x516.png",400,516,true],"et-pb-post-main-image-fullwidth-large":["https:\/\/viennabustransfer.com\/wp-content\/uploads\/2017\/11\/bg.mob_-2880x1800.png",2880,1800,true],"et-pb-image--responsive--desktop":["https:\/\/viennabustransfer.com\/wp-content\/uploads\/2017\/11\/bg.mob_-1280x790.png",1167,720,true],"et-pb-image--responsive--tablet":["https:\/\/viennabustransfer.com\/wp-content\/uploads\/2017\/11\/bg.mob_-980x605.png",893,551,true],"et-pb-image--responsive--phone":["https:\/\/viennabustransfer.com\/wp-content\/uploads\/2017\/11\/bg.mob_-480x296.png",438,270,true],"chbs_vehicle":["https:\/\/viennabustransfer.com\/wp-content\/uploads\/2017\/11\/bg.mob_-460x284.png",460,284,true],"chbs_vehicle_2":["https:\/\/viennabustransfer.com\/wp-content\/uploads\/2017\/11\/bg.mob_-800x494.png",800,494,true],"mailpoet_newsletter_max":["https:\/\/viennabustransfer.com\/wp-content\/uploads\/2017\/11\/bg.mob_-1320x815.png",1320,815,true],"woocommerce_thumbnail":["https:\/\/viennabustransfer.com\/wp-content\/uploads\/2017\/11\/bg.mob_-300x300.png",300,300,true],"woocommerce_single":["https:\/\/viennabustransfer.com\/wp-content\/uploads\/2017\/11\/bg.mob_-600x370.png",600,370,true],"woocommerce_gallery_thumbnail":["https:\/\/viennabustransfer.com\/wp-content\/uploads\/2017\/11\/bg.mob_-100x100.png",100,100,true]},"uagb_author_info":{"display_name":"viennabustransfer.com","author_link":"https:\/\/viennabustransfer.com\/de\/author\/viennabustransfer-com\/"},"uagb_comment_info":0,"uagb_excerpt":"Kontaktieren Sie uns+43 676 437 38 16booking@viennabustransfer.comkontaktieren Sie Wien Bustransfer f\u00fcr Buchungen oder spezielle Anfragen, kontaktieren Sie uns noch heute. Wir sind f\u00fcr Sie da, damit Ihre Reise ein au\u00dfergew\u00f6hnliches Erlebnis wird. Wenden Sie sich an uns f\u00fcr einen zuverl\u00e4ssigen Transport in \u00d6sterreich. NewsletterAbonnieren Sie unsere Luxus-Transportdienste in Wien \u00d6sterreich. Erhalten Sie exklusive Angebote, Reisetipps&hellip;","jetpack_sharing_enabled":true,"_links":{"self":[{"href":"https:\/\/viennabustransfer.com\/de\/wp-json\/wp\/v2\/pages\/244055","targetHints":{"allow":["GET"]}}],"collection":[{"href":"https:\/\/viennabustransfer.com\/de\/wp-json\/wp\/v2\/pages"}],"about":[{"href":"https:\/\/viennabustransfer.com\/de\/wp-json\/wp\/v2\/types\/page"}],"author":[{"embeddable":true,"href":"https:\/\/viennabustransfer.com\/de\/wp-json\/wp\/v2\/users\/1"}],"replies":[{"embeddable":true,"href":"https:\/\/viennabustransfer.com\/de\/wp-json\/wp\/v2\/comments?post=244055"}],"version-history":[{"count":4,"href":"https:\/\/viennabustransfer.com\/de\/wp-json\/wp\/v2\/pages\/244055\/revisions"}],"predecessor-version":[{"id":244179,"href":"https:\/\/viennabustransfer.com\/de\/wp-json\/wp\/v2\/pages\/244055\/revisions\/244179"}],"wp:featuredmedia":[{"embeddable":true,"href":"https:\/\/viennabustransfer.com\/de\/wp-json\/wp\/v2\/media\/243766"}],"wp:attachment":[{"href":"https:\/\/viennabustransfer.com\/de\/wp-json\/wp\/v2\/media?parent=244055"}],"curies":[{"name":"wp","href":"https:\/\/api.w.org\/{rel}","templated":true}]}}