{"id":244061,"date":"2024-05-20T09:07:22","date_gmt":"2024-05-20T09:07:22","guid":{"rendered":"https:\/\/viennabustransfer.com\/fleet\/"},"modified":"2024-09-03T08:18:08","modified_gmt":"2024-09-03T08:18:08","slug":"fleet","status":"publish","type":"page","link":"https:\/\/viennabustransfer.com\/de\/fleet\/","title":{"rendered":"FLEET"},"content":{"rendered":"<p>[et_pb_section fb_built=&#8220;1&#8243; admin_label=&#8220;Header&#8220; _builder_version=&#8220;4.27.0&#8243; _module_preset=&#8220;default&#8220; use_background_color_gradient=&#8220;on&#8220; background_color_gradient_stops=&#8220;rgba(0,0,0,0.3) 0%|rgba(0,0,0,0.3) 100%&#8220; background_color_gradient_overlays_image=&#8220;on&#8220; background_image=&#8220;https:\/\/viennabustransfer.com\/wp-content\/uploads\/2017\/11\/fleet-1-removebg-preview.png&#8220; background_position=&#8220;bottom_center&#8220; hover_enabled=&#8220;0&#8243; locked=&#8220;off&#8220; collapsed=&#8220;on&#8220; global_colors_info=&#8220;{}&#8220; title_text=&#8220;fleet-1&#8211;preview&#8220; sticky_enabled=&#8220;0&#8243;][et_pb_row _builder_version=&#8220;4.22.0&#8243; _module_preset=&#8220;default&#8220; global_colors_info=&#8220;{}&#8220;][et_pb_column type=&#8220;4_4&#8243; _builder_version=&#8220;4.22.0&#8243; _module_preset=&#8220;default&#8220; custom_padding=&#8220;60px||60px||true|false&#8220; custom_padding_tablet=&#8220;0px||0px||true|false&#8220; custom_padding_phone=&#8220;0px||0px||true|false&#8220; custom_padding_last_edited=&#8220;on|desktop&#8220; global_colors_info=&#8220;{}&#8220;][et_pb_text _builder_version=&#8220;4.22.0&#8243; _module_preset=&#8220;bf6a1078-0afa-4e61-95ce-9d148c67a399&#8243; header_text_color=&#8220;#FFFFFF&#8220; global_colors_info=&#8220;{}&#8220;]<\/p>\n<h1>Unsere Flotte<\/h1>\n<p>[\/et_pb_text][\/et_pb_column][\/et_pb_row][\/et_pb_section][et_pb_section fb_built=&#8220;1&#8243; admin_label=&#8220;Pricing&#8220; _builder_version=&#8220;4.22.0&#8243; _module_preset=&#8220;default&#8220; locked=&#8220;off&#8220; collapsed=&#8220;on&#8220; global_colors_info=&#8220;{}&#8220;][et_pb_row column_structure=&#8220;1_3,1_3,1_3&#8243; _builder_version=&#8220;4.22.0&#8243; _module_preset=&#8220;default&#8220; global_colors_info=&#8220;{}&#8220;][et_pb_column type=&#8220;1_3&#8243; _builder_version=&#8220;4.22.0&#8243; _module_preset=&#8220;default&#8220; global_colors_info=&#8220;{}&#8220;][et_pb_text _builder_version=&#8220;4.25.1&#8243; _module_preset=&#8220;eb98db99-560e-4a82-bb85-a28373564016&#8243; text_orientation=&#8220;center&#8220; custom_margin=&#8220;||10px||false|false&#8220; global_colors_info=&#8220;{}&#8220;]<\/p>\n<h2>VITO<\/h2>\n<p>[\/et_pb_text][et_pb_text _builder_version=&#8220;4.27.0&#8243; _module_preset=&#8220;9bf77b7c-cb1c-44ec-a49a-638e32b36e28&#8243; text_orientation=&#8220;center&#8220; hover_enabled=&#8220;0&#8243; global_colors_info=&#8220;{}&#8220; sticky_enabled=&#8220;0&#8243;]<\/p>\n<h5>Ab 60 \u20ac\/ Stunde<\/h5>\n<p>(7-Sitzer)<\/p>\n<p>[\/et_pb_text][et_pb_text ul_position=&#8220;inside&#8220; _builder_version=&#8220;4.27.0&#8243; _module_preset=&#8220;f7ec54e5-e2d4-4112-b8df-723fa58df0a8&#8243; text_orientation=&#8220;center&#8220; custom_margin=&#8220;||0px||false|false&#8220; hover_enabled=&#8220;0&#8243; global_colors_info=&#8220;{}&#8220; sticky_enabled=&#8220;0&#8243;]<\/p>\n<ul>\n<li><strong>Komfort<\/strong>: Der Mercedes Vito bietet ein gro\u00dfz\u00fcgiges Platzangebot und bequeme Sitze f\u00fcr bis zu 7 Passagiere, was ihn ideal f\u00fcr lange Reisen macht.<\/li>\n<\/ul>\n<p>[\/et_pb_text][et_pb_text ul_position=&#8220;inside&#8220; _builder_version=&#8220;4.22.0&#8243; _module_preset=&#8220;f7ec54e5-e2d4-4112-b8df-723fa58df0a8&#8243; text_orientation=&#8220;center&#8220; custom_margin=&#8220;||0px||false|false&#8220; global_colors_info=&#8220;{}&#8220;]<\/p>\n<ul>\n<li><strong>Sicherheit<\/strong>: Ausgestattet mit modernen Sicherheitssystemen wie dem Seitenwind-Assistenten und dem aktiven Bremsassistenten f\u00fcr eine sichere Fahrt.<\/li>\n<\/ul>\n<p>[\/et_pb_text][et_pb_text ul_position=&#8220;inside&#8220; _builder_version=&#8220;4.22.0&#8243; _module_preset=&#8220;f7ec54e5-e2d4-4112-b8df-723fa58df0a8&#8243; text_orientation=&#8220;center&#8220; custom_margin=&#8220;||0px||false|false&#8220; global_colors_info=&#8220;{}&#8220;]<\/p>\n<ul>\n<li><strong>Klimatisierung<\/strong>: Eine effiziente Klimaanlage sorgt f\u00fcr angenehme Temperaturen w\u00e4hrend der Fahrt.<\/li>\n<\/ul>\n<p>[\/et_pb_text][et_pb_text ul_position=&#8220;inside&#8220; _builder_version=&#8220;4.27.0&#8243; _module_preset=&#8220;f7ec54e5-e2d4-4112-b8df-723fa58df0a8&#8243; text_orientation=&#8220;center&#8220; custom_margin=&#8220;||0px||false|false&#8220; hover_enabled=&#8220;0&#8243; global_colors_info=&#8220;{}&#8220; sticky_enabled=&#8220;0&#8243;]<\/p>\n<ul>\n<li><strong>Technik<\/strong>: AModernes Infotainment-System mit Touchscreen f\u00fcr Unterhaltung und Navigation.\n<\/li>\n<\/ul>\n<p>[\/et_pb_text][et_pb_button button_text=&#8220;Reservieren Sie&#8220; button_alignment=&#8220;center&#8220; _builder_version=&#8220;4.27.0&#8243; _module_preset=&#8220;3cbd977e-81aa-4b9a-9570-a4abaaeefe5f&#8220; custom_margin=&#8220;30px||||false|false&#8220; hover_enabled=&#8220;0&#8243; global_colors_info=&#8220;{}&#8220; button_url=&#8220;https:\/\/viennabustransfer.com\/de\/chauffeurdienst\/&#8220; sticky_enabled=&#8220;0&#8243; button_bg_color=&#8220;#5430ce&#8220; button_bg_enable_color=&#8220;on&#8220; button_text_color=&#8220;#FFFFFF&#8220;][\/et_pb_button][\/et_pb_column][et_pb_column type=&#8220;1_3&#8243; _builder_version=&#8220;4.22.0&#8243; _module_preset=&#8220;default&#8220; global_colors_info=&#8220;{}&#8220;][et_pb_text _builder_version=&#8220;4.25.1&#8243; _module_preset=&#8220;eb98db99-560e-4a82-bb85-a28373564016&#8243; text_orientation=&#8220;center&#8220; custom_margin=&#8220;||10px||false|false&#8220; global_colors_info=&#8220;{}&#8220;]<\/p>\n<h2>SPRINTER<\/h2>\n<p>[\/et_pb_text][et_pb_text _builder_version=&#8220;4.27.0&#8243; _module_preset=&#8220;9bf77b7c-cb1c-44ec-a49a-638e32b36e28&#8243; text_orientation=&#8220;center&#8220; hover_enabled=&#8220;0&#8243; global_colors_info=&#8220;{}&#8220; sticky_enabled=&#8220;0&#8243;]<\/p>\n<h5>Ab 80 \u20ac\/ Stunde<\/h5>\n<p>(19-Sitzer)<\/p>\n<p>[\/et_pb_text][et_pb_text ul_position=&#8220;inside&#8220; _builder_version=&#8220;4.22.0&#8243; _module_preset=&#8220;f7ec54e5-e2d4-4112-b8df-723fa58df0a8&#8243; text_orientation=&#8220;center&#8220; custom_margin=&#8220;||0px||false|false&#8220; hover_enabled=&#8220;0&#8243; global_colors_info=&#8220;{}&#8220; sticky_enabled=&#8220;0&#8243;]<\/p>\n<ul>\n<li><strong>Komfort<\/strong>: Der Mercedes Sprinter bietet ger\u00e4umige und bequeme Sitzpl\u00e4tze f\u00fcr bis zu 19 Passagiere und ist damit ideal f\u00fcr Gruppenreisen.<\/li>\n<\/ul>\n<p>[\/et_pb_text][et_pb_text ul_position=&#8220;inside&#8220; _builder_version=&#8220;4.22.0&#8243; _module_preset=&#8220;f7ec54e5-e2d4-4112-b8df-723fa58df0a8&#8243; text_orientation=&#8220;center&#8220; custom_margin=&#8220;||0px||false|false&#8220; global_colors_info=&#8220;{}&#8220;]<\/p>\n<ul>\n<li><strong>Sicherheit<\/strong>: Ausgestattet mit modernen Sicherheitssystemen wie dem Seitenwind-Assistenten und dem aktiven Bremsassistenten f\u00fcr eine sichere Fahrt.<\/li>\n<\/ul>\n<p>[\/et_pb_text][et_pb_text ul_position=&#8220;inside&#8220; _builder_version=&#8220;4.22.0&#8243; _module_preset=&#8220;f7ec54e5-e2d4-4112-b8df-723fa58df0a8&#8243; text_orientation=&#8220;center&#8220; custom_margin=&#8220;||0px||false|false&#8220; global_colors_info=&#8220;{}&#8220;]<\/p>\n<ul>\n<li><strong>Klimatisierung<\/strong>: Eine effiziente Klimaanlage sorgt w\u00e4hrend der gesamten Fahrt f\u00fcr angenehme Temperaturen.<\/li>\n<\/ul>\n<p>[\/et_pb_text][et_pb_text ul_position=&#8220;inside&#8220; _builder_version=&#8220;4.22.0&#8243; _module_preset=&#8220;f7ec54e5-e2d4-4112-b8df-723fa58df0a8&#8243; text_orientation=&#8220;center&#8220; custom_margin=&#8220;||0px||false|false&#8220; global_colors_info=&#8220;{}&#8220;]<\/p>\n<ul>\n<li><strong>Technik<\/strong>: Ein modernes Infotainment-System mit Touchscreen bietet Unterhaltung und Navigation, um Ihre Reise so angenehm wie m\u00f6glich zu gestalten.<\/li>\n<\/ul>\n<p>[\/et_pb_text][et_pb_button button_text=&#8220;Reservieren Sie&#8220; button_alignment=&#8220;center&#8220; _builder_version=&#8220;4.27.0&#8243; _module_preset=&#8220;3cbd977e-81aa-4b9a-9570-a4abaaeefe5f&#8220; custom_margin=&#8220;30px||||false|false&#8220; locked=&#8220;off&#8220; global_colors_info=&#8220;{}&#8220; button_url=&#8220;https:\/\/viennabustransfer.com\/de\/chauffeurdienst\/&#8220; sticky_enabled=&#8220;0&#8243; button_bg_enable_color=&#8220;on&#8220; button_text_color=&#8220;#FFFFFF&#8220; button_bg_color=&#8220;#5430ce&#8220; hover_enabled=&#8220;0&#8243;][\/et_pb_button][\/et_pb_column][et_pb_column type=&#8220;1_3&#8243; _builder_version=&#8220;4.22.0&#8243; _module_preset=&#8220;default&#8220; global_colors_info=&#8220;{}&#8220;][et_pb_text _builder_version=&#8220;4.25.1&#8243; _module_preset=&#8220;eb98db99-560e-4a82-bb85-a28373564016&#8243; text_orientation=&#8220;center&#8220; custom_margin=&#8220;||10px||false|false&#8220; locked=&#8220;off&#8220; global_colors_info=&#8220;{}&#8220;]<\/p>\n<h2>SETRA<\/h2>\n<p>[\/et_pb_text][et_pb_text _builder_version=&#8220;4.27.0&#8243; _module_preset=&#8220;9bf77b7c-cb1c-44ec-a49a-638e32b36e28&#8243; text_orientation=&#8220;center&#8220; hover_enabled=&#8220;0&#8243; locked=&#8220;off&#8220; global_colors_info=&#8220;{}&#8220; sticky_enabled=&#8220;0&#8243;]<\/p>\n<h5>Ab 100 \u20ac \/ Stunde<\/h5>\n<p>(50 Sitzpl\u00e4tze)<\/p>\n<p>[\/et_pb_text][et_pb_text ul_position=&#8220;inside&#8220; _builder_version=&#8220;4.22.0&#8243; _module_preset=&#8220;f7ec54e5-e2d4-4112-b8df-723fa58df0a8&#8243; text_orientation=&#8220;center&#8220; custom_margin=&#8220;||0px||false|false&#8220; locked=&#8220;off&#8220; global_colors_info=&#8220;{}&#8220;]<\/p>\n<ul>\n<li><span class=\"hljs-strong\"><strong>Komfort<\/strong>:<\/span> Der Setra Bus bietet bequeme Sitze mit ausreichend Platz f\u00fcr bis zu 50 Fahrg\u00e4ste und ist damit ideal f\u00fcr lange Fahrten.<\/li>\n<\/ul>\n<p>[\/et_pb_text][et_pb_text ul_position=&#8220;inside&#8220; _builder_version=&#8220;4.22.0&#8243; _module_preset=&#8220;f7ec54e5-e2d4-4112-b8df-723fa58df0a8&#8243; text_orientation=&#8220;center&#8220; custom_margin=&#8220;||0px||false|false&#8220; locked=&#8220;off&#8220; global_colors_info=&#8220;{}&#8220;]<\/p>\n<ul>\n<li><span class=\"hljs-strong\"><strong>Sicherheit<\/strong>:<span> <\/span><\/span>Ausgestattet mit modernen Sicherheitssystemen wie der adaptiven Geschwindigkeitsregelung (ACC) und dem Spurassistenten f\u00fcr eine sichere Fahrt.<\/li>\n<\/ul>\n<p>[\/et_pb_text][et_pb_text ul_position=&#8220;inside&#8220; _builder_version=&#8220;4.22.0&#8243; _module_preset=&#8220;f7ec54e5-e2d4-4112-b8df-723fa58df0a8&#8243; text_orientation=&#8220;center&#8220; custom_margin=&#8220;||0px||false|false&#8220; locked=&#8220;off&#8220; global_colors_info=&#8220;{}&#8220;]<\/p>\n<ul>\n<li><span class=\"hljs-strong\"><strong>Klima<\/strong>:<span> <\/span><\/span>Eine leistungsstarke Klimaanlage sorgt w\u00e4hrend der gesamten Fahrt f\u00fcr angenehme Temperaturen.  <\/li>\n<\/ul>\n<p>[\/et_pb_text][et_pb_text ul_position=&#8220;inside&#8220; _builder_version=&#8220;4.22.0&#8243; _module_preset=&#8220;f7ec54e5-e2d4-4112-b8df-723fa58df0a8&#8243; text_orientation=&#8220;center&#8220; custom_margin=&#8220;||0px||false|false&#8220; hover_enabled=&#8220;0&#8243; locked=&#8220;off&#8220; global_colors_info=&#8220;{}&#8220; sticky_enabled=&#8220;0&#8243;]<\/p>\n<ul>\n<li><span class=\"hljs-strong\"><strong>Technik<\/strong>:<\/span><span> Ein modernes Infotainment-System mit einem gro\u00dfen Bildschirm bietet Unterhaltung und Navigation, sowie USB-Anschl\u00fcsse an den Sitzen.<\/span><\/li>\n<\/ul>\n<p>[\/et_pb_text][et_pb_button button_text=&#8220;Reservieren Sie&#8220; button_alignment=&#8220;center&#8220; _builder_version=&#8220;4.27.0&#8243; _module_preset=&#8220;3cbd977e-81aa-4b9a-9570-a4abaaeefe5f&#8220; custom_margin=&#8220;30px||||false|false&#8220; hover_enabled=&#8220;0&#8243; locked=&#8220;off&#8220; global_colors_info=&#8220;{}&#8220; button_url=&#8220;https:\/\/viennabustransfer.com\/de\/chauffeurdienst\/&#8220; sticky_enabled=&#8220;0&#8243; button_text_color=&#8220;#FFFFFF&#8220; button_bg_color=&#8220;#5430ce&#8220; button_bg_enable_color=&#8220;on&#8220;][\/et_pb_button][\/et_pb_column][\/et_pb_row][\/et_pb_section][et_pb_section fb_built=&#8220;1&#8243; admin_label=&#8220;Subscribe&#8220; _builder_version=&#8220;4.22.0&#8243; _module_preset=&#8220;default&#8220; saved_tabs=&#8220;all&#8220; collapsed=&#8220;on&#8220; global_colors_info=&#8220;{}&#8220;][et_pb_row _builder_version=&#8220;4.22.0&#8243; _module_preset=&#8220;default&#8220; max_width=&#8220;1260px&#8220; global_colors_info=&#8220;{}&#8220;][et_pb_column type=&#8220;4_4&#8243; _builder_version=&#8220;4.22.0&#8243; _module_preset=&#8220;default&#8220; global_colors_info=&#8220;{}&#8220;][et_pb_image src=&#8220;https:\/\/viennabustransfer.com\/wp-content\/uploads\/2017\/11\/pexels-mateusz-dach-99805-1135379-scaled.jpg&#8220; title_text=&#8220;pexels-mateusz-dach-99805-1135379&#8243; _builder_version=&#8220;4.27.0&#8243; _module_preset=&#8220;default&#8220; hover_enabled=&#8220;0&#8243; global_colors_info=&#8220;{}&#8220; sticky_enabled=&#8220;0&#8243; align=&#8220;center&#8220;][\/et_pb_image][\/et_pb_column][\/et_pb_row][\/et_pb_section]<\/p>\n","protected":false},"excerpt":{"rendered":"<p>Unsere FlotteVITOAb 60 \u20ac\/ Stunde (7-Sitzer) Komfort: Der Mercedes Vito bietet ein gro\u00dfz\u00fcgiges Platzangebot und bequeme Sitze f\u00fcr bis zu 7 Passagiere, was ihn ideal f\u00fcr lange Reisen macht. Sicherheit: Ausgestattet mit modernen Sicherheitssystemen wie dem Seitenwind-Assistenten und dem aktiven Bremsassistenten f\u00fcr eine sichere Fahrt. Klimatisierung: Eine effiziente Klimaanlage sorgt f\u00fcr angenehme Temperaturen w\u00e4hrend der [&hellip;]<\/p>\n","protected":false},"author":1,"featured_media":243766,"parent":0,"menu_order":0,"comment_status":"closed","ping_status":"closed","template":"","meta":{"_et_pb_use_builder":"on","_et_pb_old_content":"","_et_gb_content_width":"","_uag_custom_page_level_css":"","_joinchat":[],"footnotes":""},"class_list":["post-244061","page","type-page","status-publish","has-post-thumbnail","hentry"],"yoast_head":"<!-- This site is optimized with the Yoast SEO plugin v27.2 - https:\/\/yoast.com\/product\/yoast-seo-wordpress\/ -->\n<title>Bus- und Transporterflotte - Professionelle Transportdienstleistungen<\/title>\n<meta name=\"description\" content=\"Entdecken Sie unsere Bus- und Van-Flotte, die professionelle Transportdienstleistungen anbietet. Zuverl\u00e4ssige, komfortable Fahrzeuge mit erfahrenen Chauffeuren f\u00fcr alle Ihre Reisebed\u00fcrfnisse.&quot;\" \/>\n<meta name=\"robots\" content=\"index, follow, max-snippet:-1, max-image-preview:large, max-video-preview:-1\" \/>\n<link rel=\"canonical\" href=\"https:\/\/viennabustransfer.com\/de\/fleet\/\" \/>\n<meta property=\"og:locale\" content=\"de_DE\" \/>\n<meta property=\"og:type\" content=\"article\" \/>\n<meta property=\"og:title\" content=\"Bus- und Transporterflotte - Professionelle Transportdienstleistungen\" \/>\n<meta property=\"og:description\" content=\"Entdecken Sie unsere Bus- und Van-Flotte, die professionelle Transportdienstleistungen anbietet. Zuverl\u00e4ssige, komfortable Fahrzeuge mit erfahrenen Chauffeuren f\u00fcr alle Ihre Reisebed\u00fcrfnisse.&quot;\" \/>\n<meta property=\"og:url\" content=\"https:\/\/viennabustransfer.com\/de\/fleet\/\" \/>\n<meta property=\"og:site_name\" content=\"Vienna Bus Transfer\" \/>\n<meta property=\"article:modified_time\" content=\"2024-09-03T08:18:08+00:00\" \/>\n<meta name=\"twitter:card\" content=\"summary_large_image\" \/>\n<meta name=\"twitter:label1\" content=\"Gesch\u00e4tzte Lesezeit\" \/>\n\t<meta name=\"twitter:data1\" content=\"7\u00a0Minuten\" \/>\n<script type=\"application\/ld+json\" class=\"yoast-schema-graph\">{\"@context\":\"https:\/\/schema.org\",\"@graph\":[{\"@type\":\"WebPage\",\"@id\":\"https:\/\/viennabustransfer.com\/de\/fleet\/\",\"url\":\"https:\/\/viennabustransfer.com\/de\/fleet\/\",\"name\":\"Bus- und Transporterflotte - Professionelle Transportdienstleistungen\",\"isPartOf\":{\"@id\":\"https:\/\/viennabustransfer.com\/de\/#website\"},\"primaryImageOfPage\":{\"@id\":\"https:\/\/viennabustransfer.com\/de\/fleet\/#primaryimage\"},\"image\":{\"@id\":\"https:\/\/viennabustransfer.com\/de\/fleet\/#primaryimage\"},\"thumbnailUrl\":\"https:\/\/viennabustransfer.com\/wp-content\/uploads\/2017\/11\/bg.mob_.png\",\"datePublished\":\"2024-05-20T09:07:22+00:00\",\"dateModified\":\"2024-09-03T08:18:08+00:00\",\"description\":\"Entdecken Sie unsere Bus- und Van-Flotte, die professionelle Transportdienstleistungen anbietet. Zuverl\u00e4ssige, komfortable Fahrzeuge mit erfahrenen Chauffeuren f\u00fcr alle Ihre Reisebed\u00fcrfnisse.\\\"\",\"breadcrumb\":{\"@id\":\"https:\/\/viennabustransfer.com\/de\/fleet\/#breadcrumb\"},\"inLanguage\":\"de\",\"potentialAction\":[{\"@type\":\"ReadAction\",\"target\":[\"https:\/\/viennabustransfer.com\/de\/fleet\/\"]}]},{\"@type\":\"ImageObject\",\"inLanguage\":\"de\",\"@id\":\"https:\/\/viennabustransfer.com\/de\/fleet\/#primaryimage\",\"url\":\"https:\/\/viennabustransfer.com\/wp-content\/uploads\/2017\/11\/bg.mob_.png\",\"contentUrl\":\"https:\/\/viennabustransfer.com\/wp-content\/uploads\/2017\/11\/bg.mob_.png\",\"width\":5820,\"height\":3593},{\"@type\":\"BreadcrumbList\",\"@id\":\"https:\/\/viennabustransfer.com\/de\/fleet\/#breadcrumb\",\"itemListElement\":[{\"@type\":\"ListItem\",\"position\":1,\"name\":\"Home\",\"item\":\"https:\/\/viennabustransfer.com\/de\/\"},{\"@type\":\"ListItem\",\"position\":2,\"name\":\"FLEET\"}]},{\"@type\":\"WebSite\",\"@id\":\"https:\/\/viennabustransfer.com\/de\/#website\",\"url\":\"https:\/\/viennabustransfer.com\/de\/\",\"name\":\"Vienna Bus Transfer\",\"description\":\"Connecting you to Vienna\",\"publisher\":{\"@id\":\"https:\/\/viennabustransfer.com\/de\/#organization\"},\"potentialAction\":[{\"@type\":\"SearchAction\",\"target\":{\"@type\":\"EntryPoint\",\"urlTemplate\":\"https:\/\/viennabustransfer.com\/de\/?s={search_term_string}\"},\"query-input\":{\"@type\":\"PropertyValueSpecification\",\"valueRequired\":true,\"valueName\":\"search_term_string\"}}],\"inLanguage\":\"de\"},{\"@type\":\"Organization\",\"@id\":\"https:\/\/viennabustransfer.com\/de\/#organization\",\"name\":\"Vienna Bus Transfer\",\"url\":\"https:\/\/viennabustransfer.com\/de\/\",\"logo\":{\"@type\":\"ImageObject\",\"inLanguage\":\"de\",\"@id\":\"https:\/\/viennabustransfer.com\/de\/#\/schema\/logo\/image\/\",\"url\":\"https:\/\/viennabustransfer.com\/wp-content\/uploads\/2024\/06\/LOGOviennabus.png\",\"contentUrl\":\"https:\/\/viennabustransfer.com\/wp-content\/uploads\/2024\/06\/LOGOviennabus.png\",\"width\":796,\"height\":215,\"caption\":\"Vienna Bus Transfer\"},\"image\":{\"@id\":\"https:\/\/viennabustransfer.com\/de\/#\/schema\/logo\/image\/\"}}]}<\/script>\n<!-- \/ Yoast SEO plugin. -->","yoast_head_json":{"title":"Bus- und Transporterflotte - Professionelle Transportdienstleistungen","description":"Entdecken Sie unsere Bus- und Van-Flotte, die professionelle Transportdienstleistungen anbietet. Zuverl\u00e4ssige, komfortable Fahrzeuge mit erfahrenen Chauffeuren f\u00fcr alle Ihre Reisebed\u00fcrfnisse.\"","robots":{"index":"index","follow":"follow","max-snippet":"max-snippet:-1","max-image-preview":"max-image-preview:large","max-video-preview":"max-video-preview:-1"},"canonical":"https:\/\/viennabustransfer.com\/de\/fleet\/","og_locale":"de_DE","og_type":"article","og_title":"Bus- und Transporterflotte - Professionelle Transportdienstleistungen","og_description":"Entdecken Sie unsere Bus- und Van-Flotte, die professionelle Transportdienstleistungen anbietet. Zuverl\u00e4ssige, komfortable Fahrzeuge mit erfahrenen Chauffeuren f\u00fcr alle Ihre Reisebed\u00fcrfnisse.\"","og_url":"https:\/\/viennabustransfer.com\/de\/fleet\/","og_site_name":"Vienna Bus Transfer","article_modified_time":"2024-09-03T08:18:08+00:00","twitter_card":"summary_large_image","twitter_misc":{"Gesch\u00e4tzte Lesezeit":"7\u00a0Minuten"},"schema":{"@context":"https:\/\/schema.org","@graph":[{"@type":"WebPage","@id":"https:\/\/viennabustransfer.com\/de\/fleet\/","url":"https:\/\/viennabustransfer.com\/de\/fleet\/","name":"Bus- und Transporterflotte - Professionelle Transportdienstleistungen","isPartOf":{"@id":"https:\/\/viennabustransfer.com\/de\/#website"},"primaryImageOfPage":{"@id":"https:\/\/viennabustransfer.com\/de\/fleet\/#primaryimage"},"image":{"@id":"https:\/\/viennabustransfer.com\/de\/fleet\/#primaryimage"},"thumbnailUrl":"https:\/\/viennabustransfer.com\/wp-content\/uploads\/2017\/11\/bg.mob_.png","datePublished":"2024-05-20T09:07:22+00:00","dateModified":"2024-09-03T08:18:08+00:00","description":"Entdecken Sie unsere Bus- und Van-Flotte, die professionelle Transportdienstleistungen anbietet. Zuverl\u00e4ssige, komfortable Fahrzeuge mit erfahrenen Chauffeuren f\u00fcr alle Ihre Reisebed\u00fcrfnisse.\"","breadcrumb":{"@id":"https:\/\/viennabustransfer.com\/de\/fleet\/#breadcrumb"},"inLanguage":"de","potentialAction":[{"@type":"ReadAction","target":["https:\/\/viennabustransfer.com\/de\/fleet\/"]}]},{"@type":"ImageObject","inLanguage":"de","@id":"https:\/\/viennabustransfer.com\/de\/fleet\/#primaryimage","url":"https:\/\/viennabustransfer.com\/wp-content\/uploads\/2017\/11\/bg.mob_.png","contentUrl":"https:\/\/viennabustransfer.com\/wp-content\/uploads\/2017\/11\/bg.mob_.png","width":5820,"height":3593},{"@type":"BreadcrumbList","@id":"https:\/\/viennabustransfer.com\/de\/fleet\/#breadcrumb","itemListElement":[{"@type":"ListItem","position":1,"name":"Home","item":"https:\/\/viennabustransfer.com\/de\/"},{"@type":"ListItem","position":2,"name":"FLEET"}]},{"@type":"WebSite","@id":"https:\/\/viennabustransfer.com\/de\/#website","url":"https:\/\/viennabustransfer.com\/de\/","name":"Vienna Bus Transfer","description":"Connecting you to Vienna","publisher":{"@id":"https:\/\/viennabustransfer.com\/de\/#organization"},"potentialAction":[{"@type":"SearchAction","target":{"@type":"EntryPoint","urlTemplate":"https:\/\/viennabustransfer.com\/de\/?s={search_term_string}"},"query-input":{"@type":"PropertyValueSpecification","valueRequired":true,"valueName":"search_term_string"}}],"inLanguage":"de"},{"@type":"Organization","@id":"https:\/\/viennabustransfer.com\/de\/#organization","name":"Vienna Bus Transfer","url":"https:\/\/viennabustransfer.com\/de\/","logo":{"@type":"ImageObject","inLanguage":"de","@id":"https:\/\/viennabustransfer.com\/de\/#\/schema\/logo\/image\/","url":"https:\/\/viennabustransfer.com\/wp-content\/uploads\/2024\/06\/LOGOviennabus.png","contentUrl":"https:\/\/viennabustransfer.com\/wp-content\/uploads\/2024\/06\/LOGOviennabus.png","width":796,"height":215,"caption":"Vienna Bus Transfer"},"image":{"@id":"https:\/\/viennabustransfer.com\/de\/#\/schema\/logo\/image\/"}}]}},"uagb_featured_image_src":{"full":["https:\/\/viennabustransfer.com\/wp-content\/uploads\/2017\/11\/bg.mob_.png",5820,3593,false],"thumbnail":["https:\/\/viennabustransfer.com\/wp-content\/uploads\/2017\/11\/bg.mob_-150x150.png",150,150,true],"medium":["https:\/\/viennabustransfer.com\/wp-content\/uploads\/2017\/11\/bg.mob_-300x185.png",300,185,true],"medium_large":["https:\/\/viennabustransfer.com\/wp-content\/uploads\/2017\/11\/bg.mob_-768x474.png",768,474,true],"large":["https:\/\/viennabustransfer.com\/wp-content\/uploads\/2017\/11\/bg.mob_-1024x632.png",1024,632,true],"1536x1536":["https:\/\/viennabustransfer.com\/wp-content\/uploads\/2017\/11\/bg.mob_-1536x948.png",1536,948,true],"2048x2048":["https:\/\/viennabustransfer.com\/wp-content\/uploads\/2017\/11\/bg.mob_-2048x1264.png",2048,1264,true],"et-pb-post-main-image":["https:\/\/viennabustransfer.com\/wp-content\/uploads\/2017\/11\/bg.mob_-400x250.png",400,250,true],"et-pb-post-main-image-fullwidth":["https:\/\/viennabustransfer.com\/wp-content\/uploads\/2017\/11\/bg.mob_-1080x675.png",1080,675,true],"et-pb-portfolio-image":["https:\/\/viennabustransfer.com\/wp-content\/uploads\/2017\/11\/bg.mob_-400x284.png",400,284,true],"et-pb-portfolio-module-image":["https:\/\/viennabustransfer.com\/wp-content\/uploads\/2017\/11\/bg.mob_-510x382.png",510,382,true],"et-pb-portfolio-image-single":["https:\/\/viennabustransfer.com\/wp-content\/uploads\/2017\/11\/bg.mob_-1080x667.png",1080,667,true],"et-pb-gallery-module-image-portrait":["https:\/\/viennabustransfer.com\/wp-content\/uploads\/2017\/11\/bg.mob_-400x516.png",400,516,true],"et-pb-post-main-image-fullwidth-large":["https:\/\/viennabustransfer.com\/wp-content\/uploads\/2017\/11\/bg.mob_-2880x1800.png",2880,1800,true],"et-pb-image--responsive--desktop":["https:\/\/viennabustransfer.com\/wp-content\/uploads\/2017\/11\/bg.mob_-1280x790.png",1167,720,true],"et-pb-image--responsive--tablet":["https:\/\/viennabustransfer.com\/wp-content\/uploads\/2017\/11\/bg.mob_-980x605.png",893,551,true],"et-pb-image--responsive--phone":["https:\/\/viennabustransfer.com\/wp-content\/uploads\/2017\/11\/bg.mob_-480x296.png",438,270,true],"chbs_vehicle":["https:\/\/viennabustransfer.com\/wp-content\/uploads\/2017\/11\/bg.mob_-460x284.png",460,284,true],"chbs_vehicle_2":["https:\/\/viennabustransfer.com\/wp-content\/uploads\/2017\/11\/bg.mob_-800x494.png",800,494,true],"mailpoet_newsletter_max":["https:\/\/viennabustransfer.com\/wp-content\/uploads\/2017\/11\/bg.mob_-1320x815.png",1320,815,true],"woocommerce_thumbnail":["https:\/\/viennabustransfer.com\/wp-content\/uploads\/2017\/11\/bg.mob_-300x300.png",300,300,true],"woocommerce_single":["https:\/\/viennabustransfer.com\/wp-content\/uploads\/2017\/11\/bg.mob_-600x370.png",600,370,true],"woocommerce_gallery_thumbnail":["https:\/\/viennabustransfer.com\/wp-content\/uploads\/2017\/11\/bg.mob_-100x100.png",100,100,true]},"uagb_author_info":{"display_name":"viennabustransfer.com","author_link":"https:\/\/viennabustransfer.com\/de\/author\/viennabustransfer-com\/"},"uagb_comment_info":0,"uagb_excerpt":"Unsere FlotteVITOAb 60 \u20ac\/ Stunde (7-Sitzer) Komfort: Der Mercedes Vito bietet ein gro\u00dfz\u00fcgiges Platzangebot und bequeme Sitze f\u00fcr bis zu 7 Passagiere, was ihn ideal f\u00fcr lange Reisen macht. Sicherheit: Ausgestattet mit modernen Sicherheitssystemen wie dem Seitenwind-Assistenten und dem aktiven Bremsassistenten f\u00fcr eine sichere Fahrt. Klimatisierung: Eine effiziente Klimaanlage sorgt f\u00fcr angenehme Temperaturen w\u00e4hrend der&hellip;","jetpack_sharing_enabled":true,"_links":{"self":[{"href":"https:\/\/viennabustransfer.com\/de\/wp-json\/wp\/v2\/pages\/244061","targetHints":{"allow":["GET"]}}],"collection":[{"href":"https:\/\/viennabustransfer.com\/de\/wp-json\/wp\/v2\/pages"}],"about":[{"href":"https:\/\/viennabustransfer.com\/de\/wp-json\/wp\/v2\/types\/page"}],"author":[{"embeddable":true,"href":"https:\/\/viennabustransfer.com\/de\/wp-json\/wp\/v2\/users\/1"}],"replies":[{"embeddable":true,"href":"https:\/\/viennabustransfer.com\/de\/wp-json\/wp\/v2\/comments?post=244061"}],"version-history":[{"count":4,"href":"https:\/\/viennabustransfer.com\/de\/wp-json\/wp\/v2\/pages\/244061\/revisions"}],"predecessor-version":[{"id":244322,"href":"https:\/\/viennabustransfer.com\/de\/wp-json\/wp\/v2\/pages\/244061\/revisions\/244322"}],"wp:featuredmedia":[{"embeddable":true,"href":"https:\/\/viennabustransfer.com\/de\/wp-json\/wp\/v2\/media\/243766"}],"wp:attachment":[{"href":"https:\/\/viennabustransfer.com\/de\/wp-json\/wp\/v2\/media?parent=244061"}],"curies":[{"name":"wp","href":"https:\/\/api.w.org\/{rel}","templated":true}]}}