{"id":244129,"date":"2024-08-16T08:22:30","date_gmt":"2024-08-16T08:22:30","guid":{"rendered":"https:\/\/viennabustransfer.com\/bedingungen-und-konditionen\/"},"modified":"2024-12-06T11:31:59","modified_gmt":"2024-12-06T11:31:59","slug":"bedingungen-und-konditionen","status":"publish","type":"page","link":"https:\/\/viennabustransfer.com\/de\/bedingungen-und-konditionen\/","title":{"rendered":"Bedingungen und Konditionen"},"content":{"rendered":"<p>[et_pb_section fb_built=&#8220;1&#8243; theme_builder_area=&#8220;post_content&#8220; _builder_version=&#8220;4.27.0&#8243; _module_preset=&#8220;default&#8220;][et_pb_row _builder_version=&#8220;4.27.0&#8243; _module_preset=&#8220;default&#8220; theme_builder_area=&#8220;post_content&#8220;][et_pb_column _builder_version=&#8220;4.27.0&#8243; _module_preset=&#8220;default&#8220; type=&#8220;4_4&#8243; theme_builder_area=&#8220;post_content&#8220;][et_pb_text _builder_version=&#8220;4.27.0&#8243; _module_preset=&#8220;default&#8220; theme_builder_area=&#8220;post_content&#8220; hover_enabled=&#8220;0&#8243; sticky_enabled=&#8220;0&#8243;]<\/p>\n<div class=\"terms-and-conditions\">\n<h1>Bedingungen und Konditionen<\/h1>\n<p><strong>Zuletzt aktualisiert:<\/strong> 16\/08\/2024<\/p>\n<p>Willkommen bei Future Bus Tours GmbH!<\/p>\n<p>Diese Bedingungen beschreiben die Regeln und Vorschriften f\u00fcr die Nutzung der Website von Future Bus Tours GmbH, die sich unter <a href=\"https:\/\/viennabustransfer.com\/de\/\">https:\/\/viennabustransfer.com<\/a> befindet <a href=\"https:\/\/viennabustransfer.com\/de\/\">.<\/a><\/p>\n<p>Wenn Sie auf diese Website zugreifen, gehen wir davon aus, dass Sie diese Bedingungen und Konditionen akzeptieren.<br \/>\nNutzen Sie <a href=\"https:\/\/viennabustransfer.com\/de\/\">https:\/\/viennabustransfer.com<\/a> nicht weiter, wenn Sie nicht mit allen auf dieser Seite genannten Bedingungen einverstanden sind. <\/p>\n<h2>1. Definitionen<\/h2>\n<ul>\n<li><strong>&#8222;Website&#8220;<\/strong> bezieht sich auf <a href=\"https:\/\/viennabustransfer.com\/de\/\">https:\/\/viennabustransfer.com.<\/a><\/li>\n<li><strong>&#8222;Wir&#8220;, &#8222;Uns&#8220;, &#8222;Unser&#8220;<\/strong> bezieht sich auf Future Bus Tours GmbH.<\/li>\n<li><strong>&#8222;Nutzer&#8220;, &#8222;Sie&#8220;, &#8222;Ihr&#8220;<\/strong> bezieht sich auf die Person, die auf unsere Website zugreift.<\/li>\n<li><strong>&#8222;Inhalt&#8220;<\/strong> bezieht sich auf alle Texte, Bilder oder andere Materialien, die auf unserer Website angezeigt werden.<\/li>\n<\/ul>\n<h2>2. Nutzung der Website<\/h2>\n<p>Indem Sie auf unsere Website zugreifen, erkl\u00e4ren Sie sich damit einverstanden, diese nur f\u00fcr rechtm\u00e4\u00dfige Zwecke und in einer Weise zu nutzen, die die Rechte anderer nicht verletzt.<\/p>\n<p>Sie d\u00fcrfen unsere Website nicht nutzen, um sch\u00e4dliche, obsz\u00f6ne oder anderweitig illegale Inhalte zu \u00fcbertragen oder zu verbreiten.<\/p>\n<h2>3. Rechte an geistigem Eigentum<\/h2>\n<p>Sofern nicht anders angegeben, besitzen Future Bus Tours GmbH und\/oder ihre Lizenzgeber die geistigen Eigentumsrechte f\u00fcr das gesamte Material auf dieser Website.<\/p>\n<p>Sie k\u00f6nnen die Seiten der Website f\u00fcr Ihren pers\u00f6nlichen Gebrauch ansehen und\/oder ausdrucken, vorbehaltlich der in diesen Bedingungen und Konditionen festgelegten Einschr\u00e4nkungen.<\/p>\n<h2>4. Benutzergenerierte Inhalte<\/h2>\n<p>Benutzer k\u00f6nnen Inhalte auf unserer Website ver\u00f6ffentlichen, einschlie\u00dflich Kommentare, Bewertungen oder andere Beitr\u00e4ge.<br \/>\nSie tragen die alleinige Verantwortung f\u00fcr die Inhalte, die Sie ver\u00f6ffentlichen. <\/p>\n<p>Durch das Einstellen von Inhalten gew\u00e4hren Sie Future Bus Tours GmbH eine nicht-exklusive, geb\u00fchrenfreie, unbefristete Lizenz zur Nutzung, Vervielf\u00e4ltigung und Verbreitung Ihrer Inhalte in allen Medien.<\/p>\n<h2>5. Einschr\u00e4nkung der Haftung<\/h2>\n<p>Future Bus Tours GmbH kann nicht f\u00fcr Sch\u00e4den haftbar gemacht werden, die aus der Nutzung oder der Unm\u00f6glichkeit der Nutzung der Website entstehen.<\/p>\n<p>Wir garantieren nicht, dass die Website immer verf\u00fcgbar, fehlerfrei oder frei von Viren oder anderen sch\u00e4dlichen Komponenten sein wird.<\/p>\n<h2>6. Externe Links<\/h2>\n<p>Unsere Website kann Links zu Websites Dritter enthalten, die nicht im Besitz oder unter der Kontrolle der Future Bus Tours GmbH sind.<\/p>\n<p>Future Bus Tours GmbH hat keine Kontrolle \u00fcber den Inhalt, die Datenschutzrichtlinien oder die Praktiken von Websites Dritter und \u00fcbernimmt keine Verantwortung f\u00fcr diese.<\/p>\n<h2>7. Datenschutzrichtlinie<\/h2>\n<p>Ihre Privatsph\u00e4re ist uns wichtig.<br \/>\nBitte lesen Sie unsere <a href=\"https:\/\/viennabustransfer.com\/de\/datenschutz-und-politik\/\">Datenschutzrichtlinien<\/a>, um zu erfahren, wie wir Ihre Daten sammeln, verwenden und sch\u00fctzen. <\/p>\n<h2>8. Beendigung<\/h2>\n<p>Wir behalten uns das Recht vor, den Zugang zu unserer Website sofort und ohne vorherige Ank\u00fcndigung oder Haftung zu beenden oder auszusetzen, aus welchem Grund auch immer, insbesondere, wenn Sie gegen die Bedingungen versto\u00dfen.<\/p>\n<h2>9. Geltendes Recht<\/h2>\n<p>Diese Bedingungen unterliegen den Gesetzen von [Austria\/Vienna] und Sie unterwerfen sich der ausschlie\u00dflichen Zust\u00e4ndigkeit der Gerichte an diesem Ort.<\/p>\n<h2>10. \u00c4nderungen an diesen Bedingungen<\/h2>\n<p>Wir k\u00f6nnen unsere Allgemeinen Gesch\u00e4ftsbedingungen von Zeit zu Zeit aktualisieren.<br \/>\nWir werden Sie \u00fcber alle \u00c4nderungen informieren, indem wir die neuen Bedingungen auf dieser Seite ver\u00f6ffentlichen. <\/p>\n<p>Es liegt in Ihrer Verantwortung, diese Bedingungen regelm\u00e4\u00dfig auf eventuelle \u00c4nderungen zu \u00fcberpr\u00fcfen.<\/p>\n<h2>11. Kontaktieren Sie uns<\/h2>\n<p>Wenn Sie Fragen zu diesen Allgemeinen Gesch\u00e4ftsbedingungen haben, kontaktieren Sie uns bitte unter <a href=\"mailto:booking@viennabustransfer.com\">booking@viennabustransfer.com.<\/a><\/p>\n<\/div>\n<p>[\/et_pb_text][\/et_pb_column][\/et_pb_row][\/et_pb_section]<\/p>\n","protected":false},"excerpt":{"rendered":"<p>Bedingungen und Konditionen Zuletzt aktualisiert: 16\/08\/2024 Willkommen bei Future Bus Tours GmbH! Diese Bedingungen beschreiben die Regeln und Vorschriften f\u00fcr die Nutzung der Website von Future Bus Tours GmbH, die sich unter https:\/\/viennabustransfer.com befindet . Wenn Sie auf diese Website zugreifen, gehen wir davon aus, dass Sie diese Bedingungen und Konditionen akzeptieren. Nutzen Sie https:\/\/viennabustransfer.com [&hellip;]<\/p>\n","protected":false},"author":1,"featured_media":0,"parent":0,"menu_order":0,"comment_status":"closed","ping_status":"closed","template":"","meta":{"_et_pb_use_builder":"on","_et_pb_old_content":"","_et_gb_content_width":"","_uag_custom_page_level_css":"","_joinchat":[],"footnotes":""},"class_list":["post-244129","page","type-page","status-publish","hentry"],"yoast_head":"<!-- This site is optimized with the Yoast SEO plugin v27.2 - https:\/\/yoast.com\/product\/yoast-seo-wordpress\/ -->\n<title>Bedingungen und Konditionen - Vienna Bus Transfer<\/title>\n<meta name=\"description\" content=\"Bedingungen und Konditionen\" \/>\n<meta name=\"robots\" content=\"index, follow, max-snippet:-1, max-image-preview:large, max-video-preview:-1\" \/>\n<link rel=\"canonical\" href=\"https:\/\/viennabustransfer.com\/de\/bedingungen-und-konditionen\/\" \/>\n<meta property=\"og:locale\" content=\"de_DE\" \/>\n<meta property=\"og:type\" content=\"article\" \/>\n<meta property=\"og:title\" content=\"Bedingungen und Konditionen - Vienna Bus Transfer\" \/>\n<meta property=\"og:description\" content=\"Bedingungen und Konditionen\" \/>\n<meta property=\"og:url\" content=\"https:\/\/viennabustransfer.com\/de\/bedingungen-und-konditionen\/\" \/>\n<meta property=\"og:site_name\" content=\"Vienna Bus Transfer\" \/>\n<meta property=\"article:modified_time\" content=\"2024-12-06T11:31:59+00:00\" \/>\n<meta name=\"twitter:card\" content=\"summary_large_image\" \/>\n<meta name=\"twitter:label1\" content=\"Gesch\u00e4tzte Lesezeit\" \/>\n\t<meta name=\"twitter:data1\" content=\"3\u00a0Minuten\" \/>\n<script type=\"application\/ld+json\" class=\"yoast-schema-graph\">{\"@context\":\"https:\/\/schema.org\",\"@graph\":[{\"@type\":\"WebPage\",\"@id\":\"https:\/\/viennabustransfer.com\/de\/bedingungen-und-konditionen\/\",\"url\":\"https:\/\/viennabustransfer.com\/de\/bedingungen-und-konditionen\/\",\"name\":\"Bedingungen und Konditionen - Vienna Bus Transfer\",\"isPartOf\":{\"@id\":\"https:\/\/viennabustransfer.com\/de\/#website\"},\"datePublished\":\"2024-08-16T08:22:30+00:00\",\"dateModified\":\"2024-12-06T11:31:59+00:00\",\"description\":\"Bedingungen und Konditionen\",\"breadcrumb\":{\"@id\":\"https:\/\/viennabustransfer.com\/de\/bedingungen-und-konditionen\/#breadcrumb\"},\"inLanguage\":\"de\",\"potentialAction\":[{\"@type\":\"ReadAction\",\"target\":[\"https:\/\/viennabustransfer.com\/de\/bedingungen-und-konditionen\/\"]}]},{\"@type\":\"BreadcrumbList\",\"@id\":\"https:\/\/viennabustransfer.com\/de\/bedingungen-und-konditionen\/#breadcrumb\",\"itemListElement\":[{\"@type\":\"ListItem\",\"position\":1,\"name\":\"Home\",\"item\":\"https:\/\/viennabustransfer.com\/de\/\"},{\"@type\":\"ListItem\",\"position\":2,\"name\":\"Bedingungen und Konditionen\"}]},{\"@type\":\"WebSite\",\"@id\":\"https:\/\/viennabustransfer.com\/de\/#website\",\"url\":\"https:\/\/viennabustransfer.com\/de\/\",\"name\":\"Vienna Bus Transfer\",\"description\":\"Connecting you to Vienna\",\"publisher\":{\"@id\":\"https:\/\/viennabustransfer.com\/de\/#organization\"},\"potentialAction\":[{\"@type\":\"SearchAction\",\"target\":{\"@type\":\"EntryPoint\",\"urlTemplate\":\"https:\/\/viennabustransfer.com\/de\/?s={search_term_string}\"},\"query-input\":{\"@type\":\"PropertyValueSpecification\",\"valueRequired\":true,\"valueName\":\"search_term_string\"}}],\"inLanguage\":\"de\"},{\"@type\":\"Organization\",\"@id\":\"https:\/\/viennabustransfer.com\/de\/#organization\",\"name\":\"Vienna Bus Transfer\",\"url\":\"https:\/\/viennabustransfer.com\/de\/\",\"logo\":{\"@type\":\"ImageObject\",\"inLanguage\":\"de\",\"@id\":\"https:\/\/viennabustransfer.com\/de\/#\/schema\/logo\/image\/\",\"url\":\"https:\/\/viennabustransfer.com\/wp-content\/uploads\/2024\/06\/LOGOviennabus.png\",\"contentUrl\":\"https:\/\/viennabustransfer.com\/wp-content\/uploads\/2024\/06\/LOGOviennabus.png\",\"width\":796,\"height\":215,\"caption\":\"Vienna Bus Transfer\"},\"image\":{\"@id\":\"https:\/\/viennabustransfer.com\/de\/#\/schema\/logo\/image\/\"}}]}<\/script>\n<!-- \/ Yoast SEO plugin. -->","yoast_head_json":{"title":"Bedingungen und Konditionen - Vienna Bus Transfer","description":"Bedingungen und Konditionen","robots":{"index":"index","follow":"follow","max-snippet":"max-snippet:-1","max-image-preview":"max-image-preview:large","max-video-preview":"max-video-preview:-1"},"canonical":"https:\/\/viennabustransfer.com\/de\/bedingungen-und-konditionen\/","og_locale":"de_DE","og_type":"article","og_title":"Bedingungen und Konditionen - Vienna Bus Transfer","og_description":"Bedingungen und Konditionen","og_url":"https:\/\/viennabustransfer.com\/de\/bedingungen-und-konditionen\/","og_site_name":"Vienna Bus Transfer","article_modified_time":"2024-12-06T11:31:59+00:00","twitter_card":"summary_large_image","twitter_misc":{"Gesch\u00e4tzte Lesezeit":"3\u00a0Minuten"},"schema":{"@context":"https:\/\/schema.org","@graph":[{"@type":"WebPage","@id":"https:\/\/viennabustransfer.com\/de\/bedingungen-und-konditionen\/","url":"https:\/\/viennabustransfer.com\/de\/bedingungen-und-konditionen\/","name":"Bedingungen und Konditionen - Vienna Bus Transfer","isPartOf":{"@id":"https:\/\/viennabustransfer.com\/de\/#website"},"datePublished":"2024-08-16T08:22:30+00:00","dateModified":"2024-12-06T11:31:59+00:00","description":"Bedingungen und Konditionen","breadcrumb":{"@id":"https:\/\/viennabustransfer.com\/de\/bedingungen-und-konditionen\/#breadcrumb"},"inLanguage":"de","potentialAction":[{"@type":"ReadAction","target":["https:\/\/viennabustransfer.com\/de\/bedingungen-und-konditionen\/"]}]},{"@type":"BreadcrumbList","@id":"https:\/\/viennabustransfer.com\/de\/bedingungen-und-konditionen\/#breadcrumb","itemListElement":[{"@type":"ListItem","position":1,"name":"Home","item":"https:\/\/viennabustransfer.com\/de\/"},{"@type":"ListItem","position":2,"name":"Bedingungen und Konditionen"}]},{"@type":"WebSite","@id":"https:\/\/viennabustransfer.com\/de\/#website","url":"https:\/\/viennabustransfer.com\/de\/","name":"Vienna Bus Transfer","description":"Connecting you to Vienna","publisher":{"@id":"https:\/\/viennabustransfer.com\/de\/#organization"},"potentialAction":[{"@type":"SearchAction","target":{"@type":"EntryPoint","urlTemplate":"https:\/\/viennabustransfer.com\/de\/?s={search_term_string}"},"query-input":{"@type":"PropertyValueSpecification","valueRequired":true,"valueName":"search_term_string"}}],"inLanguage":"de"},{"@type":"Organization","@id":"https:\/\/viennabustransfer.com\/de\/#organization","name":"Vienna Bus Transfer","url":"https:\/\/viennabustransfer.com\/de\/","logo":{"@type":"ImageObject","inLanguage":"de","@id":"https:\/\/viennabustransfer.com\/de\/#\/schema\/logo\/image\/","url":"https:\/\/viennabustransfer.com\/wp-content\/uploads\/2024\/06\/LOGOviennabus.png","contentUrl":"https:\/\/viennabustransfer.com\/wp-content\/uploads\/2024\/06\/LOGOviennabus.png","width":796,"height":215,"caption":"Vienna Bus Transfer"},"image":{"@id":"https:\/\/viennabustransfer.com\/de\/#\/schema\/logo\/image\/"}}]}},"uagb_featured_image_src":{"full":false,"thumbnail":false,"medium":false,"medium_large":false,"large":false,"1536x1536":false,"2048x2048":false,"et-pb-post-main-image":false,"et-pb-post-main-image-fullwidth":false,"et-pb-portfolio-image":false,"et-pb-portfolio-module-image":false,"et-pb-portfolio-image-single":false,"et-pb-gallery-module-image-portrait":false,"et-pb-post-main-image-fullwidth-large":false,"et-pb-image--responsive--desktop":false,"et-pb-image--responsive--tablet":false,"et-pb-image--responsive--phone":false,"chbs_vehicle":false,"chbs_vehicle_2":false,"mailpoet_newsletter_max":false,"woocommerce_thumbnail":false,"woocommerce_single":false,"woocommerce_gallery_thumbnail":false},"uagb_author_info":{"display_name":"viennabustransfer.com","author_link":"https:\/\/viennabustransfer.com\/de\/author\/viennabustransfer-com\/"},"uagb_comment_info":0,"uagb_excerpt":"Bedingungen und Konditionen Zuletzt aktualisiert: 16\/08\/2024 Willkommen bei Future Bus Tours GmbH! Diese Bedingungen beschreiben die Regeln und Vorschriften f\u00fcr die Nutzung der Website von Future Bus Tours GmbH, die sich unter https:\/\/viennabustransfer.com befindet . Wenn Sie auf diese Website zugreifen, gehen wir davon aus, dass Sie diese Bedingungen und Konditionen akzeptieren. Nutzen Sie https:\/\/viennabustransfer.com&hellip;","jetpack_sharing_enabled":true,"_links":{"self":[{"href":"https:\/\/viennabustransfer.com\/de\/wp-json\/wp\/v2\/pages\/244129","targetHints":{"allow":["GET"]}}],"collection":[{"href":"https:\/\/viennabustransfer.com\/de\/wp-json\/wp\/v2\/pages"}],"about":[{"href":"https:\/\/viennabustransfer.com\/de\/wp-json\/wp\/v2\/types\/page"}],"author":[{"embeddable":true,"href":"https:\/\/viennabustransfer.com\/de\/wp-json\/wp\/v2\/users\/1"}],"replies":[{"embeddable":true,"href":"https:\/\/viennabustransfer.com\/de\/wp-json\/wp\/v2\/comments?post=244129"}],"version-history":[{"count":2,"href":"https:\/\/viennabustransfer.com\/de\/wp-json\/wp\/v2\/pages\/244129\/revisions"}],"predecessor-version":[{"id":244691,"href":"https:\/\/viennabustransfer.com\/de\/wp-json\/wp\/v2\/pages\/244129\/revisions\/244691"}],"wp:attachment":[{"href":"https:\/\/viennabustransfer.com\/de\/wp-json\/wp\/v2\/media?parent=244129"}],"curies":[{"name":"wp","href":"https:\/\/api.w.org\/{rel}","templated":true}]}}