{"id":244316,"date":"2024-05-20T12:22:21","date_gmt":"2024-05-20T12:22:21","guid":{"rendered":"https:\/\/viennabustransfer.com\/?page_id=244316"},"modified":"2024-10-14T17:30:57","modified_gmt":"2024-10-14T17:30:57","slug":"transferziele","status":"publish","type":"page","link":"https:\/\/viennabustransfer.com\/de\/transferziele\/","title":{"rendered":"Transferziele"},"content":{"rendered":"<p>[et_pb_section fb_built=&#8220;1&#8243; admin_label=&#8220;Blog&#8220; _builder_version=&#8220;4.25.2&#8243; _module_preset=&#8220;default&#8220; background_color=&#8220;#efefef&#8220; collapsed=&#8220;on&#8220; global_colors_info=&#8220;{}&#8220;][et_pb_row _builder_version=&#8220;4.22.0&#8243; _module_preset=&#8220;default&#8220; global_colors_info=&#8220;{}&#8220;][et_pb_column type=&#8220;4_4&#8243; _builder_version=&#8220;4.22.0&#8243; _module_preset=&#8220;default&#8220; global_colors_info=&#8220;{}&#8220;][et_pb_text _builder_version=&#8220;4.22.0&#8243; _module_preset=&#8220;af078b49-54c2-4d06-9a94-91470d57e5ba&#8220; global_colors_info=&#8220;{}&#8220;]<\/p>\n<h1>Unsere Reiseziele<\/h1>\n<p>[\/et_pb_text][\/et_pb_column][\/et_pb_row][et_pb_row column_structure=&#8220;1_3,2_3&#8243; _builder_version=&#8220;4.25.2&#8243; _module_preset=&#8220;default&#8220; global_colors_info=&#8220;{}&#8220;][et_pb_column type=&#8220;1_3&#8243; _builder_version=&#8220;4.22.0&#8243; _module_preset=&#8220;default&#8220; global_colors_info=&#8220;{}&#8220;][et_pb_text _builder_version=&#8220;4.25.2&#8243; _module_preset=&#8220;default&#8220; global_colors_info=&#8220;{}&#8220;]<\/p>\n<div class=\"et_pb_text\">\n<h2>Unsere Routen von Wien<\/h2>\n<ul>\n<li>Flughafen Wien \u2013 Wien<\/li>\n<li>Wien \u2013 Wien Flughafen<\/li>\n<li>Wien \u2013 Sankt P\u00f6lten<\/li>\n<li>Wien \u2013 Eisenstadt<\/li>\n<li>Wien \u2013 Graz<\/li>\n<li>Wien \u2013 Klagenfurt<\/li>\n<li>Wien \u2013 Villach<\/li>\n<li>Wien \u2013 Linz<\/li>\n<li>Wien \u2013 Salzburg<\/li>\n<li>Wien \u2013 Innsbruck<\/li>\n<li>Wien \u2013 Bregenz<\/li>\n<li>Wien \u2013 Kitzb\u00fchel<\/li>\n<li>Wien \u2013 Bad Gastein<\/li>\n<li>Wien \u2013 Zell am See<\/li>\n<li>Wien \u2013 Lech<\/li>\n<\/ul>\n<\/div>\n<p>[\/et_pb_text][\/et_pb_column][et_pb_column type=&#8220;2_3&#8243; _builder_version=&#8220;4.22.0&#8243; _module_preset=&#8220;default&#8220; global_colors_info=&#8220;{}&#8220;][et_pb_image src=&#8220;https:\/\/viennabustransfer.com\/wp-content\/uploads\/2017\/11\/destinations.png&#8220; title_text=&#8220;Reiseziele&#8220; _builder_version=&#8220;4.25.2&#8243; _module_preset=&#8220;default&#8220; width=&#8220;100%&#8220; global_colors_info=&#8220;{}&#8220;][\/et_pb_image][\/et_pb_column][\/et_pb_row][et_pb_row column_structure=&#8220;1_2,1_2&#8243; _builder_version=&#8220;4.22.0&#8243; _module_preset=&#8220;default&#8220; global_colors_info=&#8220;{}&#8220;][et_pb_column type=&#8220;1_2&#8243; _builder_version=&#8220;4.22.0&#8243; _module_preset=&#8220;default&#8220; global_colors_info=&#8220;{}&#8220;][et_pb_text _builder_version=&#8220;4.25.2&#8243; _module_preset=&#8220;default&#8220; global_colors_info=&#8220;{}&#8220;]<\/p>\n<div class=\"et_pb_text\">\n<h2>Beliebte internationale Reiseziele<\/h2>\n<p>Wir bieten auch Dienste zu vielen internationalen Zielen (auf Anfrage) an, darunter Bratislava, Budapest, Prag, Passau, M\u00fcnchen, Z\u00fcrich, Ljubljana, Venedig, Verona, Rom und mehr.<\/p>\n<\/div>\n<p>[\/et_pb_text][\/et_pb_column][et_pb_column type=&#8220;1_2&#8243; _builder_version=&#8220;4.25.2&#8243; _module_preset=&#8220;default&#8220; global_colors_info=&#8220;{}&#8220;][et_pb_button button_url=&#8220;https:\/\/viennabustransfer.com\/de\/kontakt\/&#8220; button_text=&#8220;Kontaktieren Sie uns&#8220; button_alignment=&#8220;center&#8220; _builder_version=&#8220;4.25.2&#8243; _module_preset=&#8220;default&#8220; custom_button=&#8220;on&#8220; button_text_color=&#8220;#FFFFFF&#8220; button_bg_color=&#8220;#5430ce&#8220; global_colors_info=&#8220;{}&#8220;][\/et_pb_button][\/et_pb_column][\/et_pb_row][\/et_pb_section][et_pb_section fb_built=&#8220;1&#8243; admin_label=&#8220;Subscribe&#8220; _builder_version=&#8220;4.22.0&#8243; _module_preset=&#8220;default&#8220; saved_tabs=&#8220;all&#8220; collapsed=&#8220;on&#8220; global_colors_info=&#8220;{}&#8220;][et_pb_row _builder_version=&#8220;4.22.0&#8243; _module_preset=&#8220;default&#8220; max_width=&#8220;1260px&#8220; global_colors_info=&#8220;{}&#8220;][et_pb_column type=&#8220;4_4&#8243; _builder_version=&#8220;4.22.0&#8243; _module_preset=&#8220;default&#8220; global_colors_info=&#8220;{}&#8220;][et_pb_image src=&#8220;https:\/\/viennabustransfer.com\/wp-content\/uploads\/2022\/11\/DSC_0731.pngxxx-1024&#215;683.png&#8220; title_text=&#8220;DSC_0731.pngxxx&#8220; align=&#8220;center&#8220; _builder_version=&#8220;4.25.2&#8243; _module_preset=&#8220;default&#8220; global_colors_info=&#8220;{}&#8220;][\/et_pb_image][\/et_pb_column][\/et_pb_row][\/et_pb_section]<\/p>\n","protected":false},"excerpt":{"rendered":"<p>Unsere Reiseziele Unsere Routen von Wien Flughafen Wien \u2013 Wien Wien \u2013 Wien Flughafen Wien \u2013 Sankt P\u00f6lten Wien \u2013 Eisenstadt Wien \u2013 Graz Wien \u2013 Klagenfurt Wien \u2013 Villach Wien \u2013 Linz Wien \u2013 Salzburg Wien \u2013 Innsbruck Wien \u2013 Bregenz Wien \u2013 Kitzb\u00fchel Wien \u2013 Bad Gastein Wien \u2013 Zell am See Wien [&hellip;]<\/p>\n","protected":false},"author":1,"featured_media":244016,"parent":0,"menu_order":0,"comment_status":"closed","ping_status":"closed","template":"","meta":{"_et_pb_use_builder":"on","_et_pb_old_content":"","_et_gb_content_width":"","_uag_custom_page_level_css":"","_joinchat":[],"footnotes":""},"class_list":["post-244316","page","type-page","status-publish","has-post-thumbnail","hentry"],"yoast_head":"<!-- This site is optimized with the Yoast SEO plugin v27.2 - https:\/\/yoast.com\/product\/yoast-seo-wordpress\/ -->\n<title>Top Transferziele in \u00d6sterreich | Zuverl\u00e4ssige Transportservices<\/title>\n<meta name=\"description\" content=\"Entdecken Sie die besten Transferziele in \u00d6sterreich. finden Sie zuverl\u00e4ssige Transportoptionen f\u00fcr eine reibungslose Reise.\" \/>\n<meta name=\"robots\" content=\"index, follow, max-snippet:-1, max-image-preview:large, max-video-preview:-1\" \/>\n<link rel=\"canonical\" href=\"https:\/\/viennabustransfer.com\/de\/transferziele\/\" \/>\n<meta property=\"og:locale\" content=\"de_DE\" \/>\n<meta property=\"og:type\" content=\"article\" \/>\n<meta property=\"og:title\" content=\"Top Transferziele in \u00d6sterreich | Zuverl\u00e4ssige Transportservices\" \/>\n<meta property=\"og:description\" content=\"Entdecken Sie die besten Transferziele in \u00d6sterreich. finden Sie zuverl\u00e4ssige Transportoptionen f\u00fcr eine reibungslose Reise.\" \/>\n<meta property=\"og:url\" content=\"https:\/\/viennabustransfer.com\/de\/transferziele\/\" \/>\n<meta property=\"og:site_name\" content=\"Vienna Bus Transfer\" \/>\n<meta property=\"article:modified_time\" content=\"2024-10-14T17:30:57+00:00\" \/>\n<meta property=\"og:image\" content=\"https:\/\/viennabustransfer.com\/wp-content\/uploads\/2017\/11\/destinations.png\" \/>\n\t<meta property=\"og:image:width\" content=\"5000\" \/>\n\t<meta property=\"og:image:height\" content=\"2816\" \/>\n\t<meta property=\"og:image:type\" content=\"image\/png\" \/>\n<meta name=\"twitter:card\" content=\"summary_large_image\" \/>\n<meta name=\"twitter:label1\" content=\"Gesch\u00e4tzte Lesezeit\" \/>\n\t<meta name=\"twitter:data1\" content=\"1\u00a0Minute\" \/>\n<script type=\"application\/ld+json\" class=\"yoast-schema-graph\">{\"@context\":\"https:\/\/schema.org\",\"@graph\":[{\"@type\":\"WebPage\",\"@id\":\"https:\/\/viennabustransfer.com\/de\/transferziele\/\",\"url\":\"https:\/\/viennabustransfer.com\/de\/transferziele\/\",\"name\":\"Top Transferziele in \u00d6sterreich | Zuverl\u00e4ssige Transportservices\",\"isPartOf\":{\"@id\":\"https:\/\/viennabustransfer.com\/de\/#website\"},\"primaryImageOfPage\":{\"@id\":\"https:\/\/viennabustransfer.com\/de\/transferziele\/#primaryimage\"},\"image\":{\"@id\":\"https:\/\/viennabustransfer.com\/de\/transferziele\/#primaryimage\"},\"thumbnailUrl\":\"https:\/\/viennabustransfer.com\/wp-content\/uploads\/2017\/11\/destinations.png\",\"datePublished\":\"2024-05-20T12:22:21+00:00\",\"dateModified\":\"2024-10-14T17:30:57+00:00\",\"description\":\"Entdecken Sie die besten Transferziele in \u00d6sterreich. finden Sie zuverl\u00e4ssige Transportoptionen f\u00fcr eine reibungslose Reise.\",\"breadcrumb\":{\"@id\":\"https:\/\/viennabustransfer.com\/de\/transferziele\/#breadcrumb\"},\"inLanguage\":\"de\",\"potentialAction\":[{\"@type\":\"ReadAction\",\"target\":[\"https:\/\/viennabustransfer.com\/de\/transferziele\/\"]}]},{\"@type\":\"ImageObject\",\"inLanguage\":\"de\",\"@id\":\"https:\/\/viennabustransfer.com\/de\/transferziele\/#primaryimage\",\"url\":\"https:\/\/viennabustransfer.com\/wp-content\/uploads\/2017\/11\/destinations.png\",\"contentUrl\":\"https:\/\/viennabustransfer.com\/wp-content\/uploads\/2017\/11\/destinations.png\",\"width\":5000,\"height\":2816},{\"@type\":\"BreadcrumbList\",\"@id\":\"https:\/\/viennabustransfer.com\/de\/transferziele\/#breadcrumb\",\"itemListElement\":[{\"@type\":\"ListItem\",\"position\":1,\"name\":\"Home\",\"item\":\"https:\/\/viennabustransfer.com\/de\/\"},{\"@type\":\"ListItem\",\"position\":2,\"name\":\"Transferziele\"}]},{\"@type\":\"WebSite\",\"@id\":\"https:\/\/viennabustransfer.com\/de\/#website\",\"url\":\"https:\/\/viennabustransfer.com\/de\/\",\"name\":\"Vienna Bus Transfer\",\"description\":\"Connecting you to Vienna\",\"publisher\":{\"@id\":\"https:\/\/viennabustransfer.com\/de\/#organization\"},\"potentialAction\":[{\"@type\":\"SearchAction\",\"target\":{\"@type\":\"EntryPoint\",\"urlTemplate\":\"https:\/\/viennabustransfer.com\/de\/?s={search_term_string}\"},\"query-input\":{\"@type\":\"PropertyValueSpecification\",\"valueRequired\":true,\"valueName\":\"search_term_string\"}}],\"inLanguage\":\"de\"},{\"@type\":\"Organization\",\"@id\":\"https:\/\/viennabustransfer.com\/de\/#organization\",\"name\":\"Vienna Bus Transfer\",\"url\":\"https:\/\/viennabustransfer.com\/de\/\",\"logo\":{\"@type\":\"ImageObject\",\"inLanguage\":\"de\",\"@id\":\"https:\/\/viennabustransfer.com\/de\/#\/schema\/logo\/image\/\",\"url\":\"https:\/\/viennabustransfer.com\/wp-content\/uploads\/2024\/06\/LOGOviennabus.png\",\"contentUrl\":\"https:\/\/viennabustransfer.com\/wp-content\/uploads\/2024\/06\/LOGOviennabus.png\",\"width\":796,\"height\":215,\"caption\":\"Vienna Bus Transfer\"},\"image\":{\"@id\":\"https:\/\/viennabustransfer.com\/de\/#\/schema\/logo\/image\/\"}}]}<\/script>\n<!-- \/ Yoast SEO plugin. -->","yoast_head_json":{"title":"Top Transferziele in \u00d6sterreich | Zuverl\u00e4ssige Transportservices","description":"Entdecken Sie die besten Transferziele in \u00d6sterreich. finden Sie zuverl\u00e4ssige Transportoptionen f\u00fcr eine reibungslose Reise.","robots":{"index":"index","follow":"follow","max-snippet":"max-snippet:-1","max-image-preview":"max-image-preview:large","max-video-preview":"max-video-preview:-1"},"canonical":"https:\/\/viennabustransfer.com\/de\/transferziele\/","og_locale":"de_DE","og_type":"article","og_title":"Top Transferziele in \u00d6sterreich | Zuverl\u00e4ssige Transportservices","og_description":"Entdecken Sie die besten Transferziele in \u00d6sterreich. finden Sie zuverl\u00e4ssige Transportoptionen f\u00fcr eine reibungslose Reise.","og_url":"https:\/\/viennabustransfer.com\/de\/transferziele\/","og_site_name":"Vienna Bus Transfer","article_modified_time":"2024-10-14T17:30:57+00:00","og_image":[{"width":5000,"height":2816,"url":"https:\/\/viennabustransfer.com\/wp-content\/uploads\/2017\/11\/destinations.png","type":"image\/png"}],"twitter_card":"summary_large_image","twitter_misc":{"Gesch\u00e4tzte Lesezeit":"1\u00a0Minute"},"schema":{"@context":"https:\/\/schema.org","@graph":[{"@type":"WebPage","@id":"https:\/\/viennabustransfer.com\/de\/transferziele\/","url":"https:\/\/viennabustransfer.com\/de\/transferziele\/","name":"Top Transferziele in \u00d6sterreich | Zuverl\u00e4ssige Transportservices","isPartOf":{"@id":"https:\/\/viennabustransfer.com\/de\/#website"},"primaryImageOfPage":{"@id":"https:\/\/viennabustransfer.com\/de\/transferziele\/#primaryimage"},"image":{"@id":"https:\/\/viennabustransfer.com\/de\/transferziele\/#primaryimage"},"thumbnailUrl":"https:\/\/viennabustransfer.com\/wp-content\/uploads\/2017\/11\/destinations.png","datePublished":"2024-05-20T12:22:21+00:00","dateModified":"2024-10-14T17:30:57+00:00","description":"Entdecken Sie die besten Transferziele in \u00d6sterreich. finden Sie zuverl\u00e4ssige Transportoptionen f\u00fcr eine reibungslose Reise.","breadcrumb":{"@id":"https:\/\/viennabustransfer.com\/de\/transferziele\/#breadcrumb"},"inLanguage":"de","potentialAction":[{"@type":"ReadAction","target":["https:\/\/viennabustransfer.com\/de\/transferziele\/"]}]},{"@type":"ImageObject","inLanguage":"de","@id":"https:\/\/viennabustransfer.com\/de\/transferziele\/#primaryimage","url":"https:\/\/viennabustransfer.com\/wp-content\/uploads\/2017\/11\/destinations.png","contentUrl":"https:\/\/viennabustransfer.com\/wp-content\/uploads\/2017\/11\/destinations.png","width":5000,"height":2816},{"@type":"BreadcrumbList","@id":"https:\/\/viennabustransfer.com\/de\/transferziele\/#breadcrumb","itemListElement":[{"@type":"ListItem","position":1,"name":"Home","item":"https:\/\/viennabustransfer.com\/de\/"},{"@type":"ListItem","position":2,"name":"Transferziele"}]},{"@type":"WebSite","@id":"https:\/\/viennabustransfer.com\/de\/#website","url":"https:\/\/viennabustransfer.com\/de\/","name":"Vienna Bus Transfer","description":"Connecting you to Vienna","publisher":{"@id":"https:\/\/viennabustransfer.com\/de\/#organization"},"potentialAction":[{"@type":"SearchAction","target":{"@type":"EntryPoint","urlTemplate":"https:\/\/viennabustransfer.com\/de\/?s={search_term_string}"},"query-input":{"@type":"PropertyValueSpecification","valueRequired":true,"valueName":"search_term_string"}}],"inLanguage":"de"},{"@type":"Organization","@id":"https:\/\/viennabustransfer.com\/de\/#organization","name":"Vienna Bus Transfer","url":"https:\/\/viennabustransfer.com\/de\/","logo":{"@type":"ImageObject","inLanguage":"de","@id":"https:\/\/viennabustransfer.com\/de\/#\/schema\/logo\/image\/","url":"https:\/\/viennabustransfer.com\/wp-content\/uploads\/2024\/06\/LOGOviennabus.png","contentUrl":"https:\/\/viennabustransfer.com\/wp-content\/uploads\/2024\/06\/LOGOviennabus.png","width":796,"height":215,"caption":"Vienna Bus Transfer"},"image":{"@id":"https:\/\/viennabustransfer.com\/de\/#\/schema\/logo\/image\/"}}]}},"uagb_featured_image_src":{"full":["https:\/\/viennabustransfer.com\/wp-content\/uploads\/2017\/11\/destinations.png",5000,2816,false],"thumbnail":["https:\/\/viennabustransfer.com\/wp-content\/uploads\/2017\/11\/destinations-150x150.png",150,150,true],"medium":["https:\/\/viennabustransfer.com\/wp-content\/uploads\/2017\/11\/destinations-300x169.png",300,169,true],"medium_large":["https:\/\/viennabustransfer.com\/wp-content\/uploads\/2017\/11\/destinations-768x433.png",768,433,true],"large":["https:\/\/viennabustransfer.com\/wp-content\/uploads\/2017\/11\/destinations-1024x577.png",1024,577,true],"1536x1536":["https:\/\/viennabustransfer.com\/wp-content\/uploads\/2017\/11\/destinations-1536x865.png",1536,865,true],"2048x2048":["https:\/\/viennabustransfer.com\/wp-content\/uploads\/2017\/11\/destinations-2048x1153.png",2048,1153,true],"et-pb-post-main-image":["https:\/\/viennabustransfer.com\/wp-content\/uploads\/2017\/11\/destinations-400x250.png",400,250,true],"et-pb-post-main-image-fullwidth":["https:\/\/viennabustransfer.com\/wp-content\/uploads\/2017\/11\/destinations-1080x675.png",1080,675,true],"et-pb-portfolio-image":["https:\/\/viennabustransfer.com\/wp-content\/uploads\/2017\/11\/destinations-400x284.png",400,284,true],"et-pb-portfolio-module-image":["https:\/\/viennabustransfer.com\/wp-content\/uploads\/2017\/11\/destinations-510x382.png",510,382,true],"et-pb-portfolio-image-single":["https:\/\/viennabustransfer.com\/wp-content\/uploads\/2017\/11\/destinations-1080x608.png",1080,608,true],"et-pb-gallery-module-image-portrait":["https:\/\/viennabustransfer.com\/wp-content\/uploads\/2017\/11\/destinations-400x516.png",400,516,true],"et-pb-post-main-image-fullwidth-large":["https:\/\/viennabustransfer.com\/wp-content\/uploads\/2017\/11\/destinations-2880x1800.png",2880,1800,true],"et-pb-image--responsive--desktop":["https:\/\/viennabustransfer.com\/wp-content\/uploads\/2017\/11\/destinations-1280x721.png",1278,720,true],"et-pb-image--responsive--tablet":["https:\/\/viennabustransfer.com\/wp-content\/uploads\/2017\/11\/destinations-980x552.png",978,551,true],"et-pb-image--responsive--phone":["https:\/\/viennabustransfer.com\/wp-content\/uploads\/2017\/11\/destinations-480x270.png",480,270,true],"chbs_vehicle":["https:\/\/viennabustransfer.com\/wp-content\/uploads\/2017\/11\/destinations-460x259.png",460,259,true],"chbs_vehicle_2":["https:\/\/viennabustransfer.com\/wp-content\/uploads\/2017\/11\/destinations-800x451.png",800,451,true],"mailpoet_newsletter_max":["https:\/\/viennabustransfer.com\/wp-content\/uploads\/2017\/11\/destinations-1320x743.png",1320,743,true],"woocommerce_thumbnail":["https:\/\/viennabustransfer.com\/wp-content\/uploads\/2017\/11\/destinations-300x300.png",300,300,true],"woocommerce_single":["https:\/\/viennabustransfer.com\/wp-content\/uploads\/2017\/11\/destinations-600x338.png",600,338,true],"woocommerce_gallery_thumbnail":["https:\/\/viennabustransfer.com\/wp-content\/uploads\/2017\/11\/destinations-100x100.png",100,100,true]},"uagb_author_info":{"display_name":"viennabustransfer.com","author_link":"https:\/\/viennabustransfer.com\/de\/author\/viennabustransfer-com\/"},"uagb_comment_info":0,"uagb_excerpt":"Unsere Reiseziele Unsere Routen von Wien Flughafen Wien \u2013 Wien Wien \u2013 Wien Flughafen Wien \u2013 Sankt P\u00f6lten Wien \u2013 Eisenstadt Wien \u2013 Graz Wien \u2013 Klagenfurt Wien \u2013 Villach Wien \u2013 Linz Wien \u2013 Salzburg Wien \u2013 Innsbruck Wien \u2013 Bregenz Wien \u2013 Kitzb\u00fchel Wien \u2013 Bad Gastein Wien \u2013 Zell am See Wien&hellip;","jetpack_sharing_enabled":true,"_links":{"self":[{"href":"https:\/\/viennabustransfer.com\/de\/wp-json\/wp\/v2\/pages\/244316","targetHints":{"allow":["GET"]}}],"collection":[{"href":"https:\/\/viennabustransfer.com\/de\/wp-json\/wp\/v2\/pages"}],"about":[{"href":"https:\/\/viennabustransfer.com\/de\/wp-json\/wp\/v2\/types\/page"}],"author":[{"embeddable":true,"href":"https:\/\/viennabustransfer.com\/de\/wp-json\/wp\/v2\/users\/1"}],"replies":[{"embeddable":true,"href":"https:\/\/viennabustransfer.com\/de\/wp-json\/wp\/v2\/comments?post=244316"}],"version-history":[{"count":13,"href":"https:\/\/viennabustransfer.com\/de\/wp-json\/wp\/v2\/pages\/244316\/revisions"}],"predecessor-version":[{"id":244677,"href":"https:\/\/viennabustransfer.com\/de\/wp-json\/wp\/v2\/pages\/244316\/revisions\/244677"}],"wp:featuredmedia":[{"embeddable":true,"href":"https:\/\/viennabustransfer.com\/de\/wp-json\/wp\/v2\/media\/244016"}],"wp:attachment":[{"href":"https:\/\/viennabustransfer.com\/de\/wp-json\/wp\/v2\/media?parent=244316"}],"curies":[{"name":"wp","href":"https:\/\/api.w.org\/{rel}","templated":true}]}}